{"id":597,"date":"2026-03-12T20:35:01","date_gmt":"2026-03-12T18:35:01","guid":{"rendered":"https:\/\/avocatludusan.ro\/?page_id=597"},"modified":"2026-03-12T20:37:41","modified_gmt":"2026-03-12T18:37:41","slug":"dreptul-securitatii-cibernetice","status":"publish","type":"page","link":"https:\/\/avocatludusan.ro\/en\/dreptul-securitatii-cibernetice\/","title":{"rendered":"Cybersecurity Law"},"content":{"rendered":"<style>.elementor-597 .elementor-element.elementor-element-3f5252f{--display:flex;--flex-direction:row;--container-widget-width:calc( ( 1 - var( --container-widget-flex-grow ) ) * 100% );--container-widget-height:100%;--container-widget-flex-grow:1;--container-widget-align-self:stretch;--flex-wrap-mobile:wrap;--align-items:stretch;--gap:10px 10px;--row-gap:10px;--column-gap:10px;--overlay-opacity:0.8;--margin-top:0px;--margin-bottom:0px;--margin-left:0px;--margin-right:0px;--padding-top:170px;--padding-bottom:0px;--padding-left:0px;--padding-right:0px;--z-index:20;}.elementor-597 .elementor-element.elementor-element-3f5252f:not(.elementor-motion-effects-element-type-background), .elementor-597 .elementor-element.elementor-element-3f5252f > .elementor-motion-effects-container > .elementor-motion-effects-layer{background-color:transparent;background-image:linear-gradient(0deg, var( --e-global-color-secondary ) 0%, var( --e-global-color-primary ) 100%);}.elementor-597 .elementor-element.elementor-element-3f5252f::before, .elementor-597 .elementor-element.elementor-element-3f5252f > .elementor-background-video-container::before, .elementor-597 .elementor-element.elementor-element-3f5252f > .e-con-inner > .elementor-background-video-container::before, .elementor-597 .elementor-element.elementor-element-3f5252f > .elementor-background-slideshow::before, .elementor-597 .elementor-element.elementor-element-3f5252f > .e-con-inner > .elementor-background-slideshow::before, .elementor-597 .elementor-element.elementor-element-3f5252f > .elementor-motion-effects-container > .elementor-motion-effects-layer::before{--background-overlay:'';background-image:url(\"https:\/\/avocatludusan.ro\/wp-content\/uploads\/2026\/03\/lawyer-and-legal-firm-bg-logo-legalix-e1675388608458-1.png\");background-position:bottom left;background-repeat:no-repeat;background-size:cover;}.elementor-597 .elementor-element.elementor-element-3f5252f.e-con{--flex-grow:0;--flex-shrink:0;}.elementor-597 .elementor-element.elementor-element-c4cd6fb{--display:flex;--justify-content:flex-end;--margin-top:0px;--margin-bottom:0px;--margin-left:0px;--margin-right:0px;}.elementor-widget-image .widget-image-caption{color:var( --e-global-color-text );font-family:var( --e-global-typography-text-font-family ), Sans-serif;font-size:var( --e-global-typography-text-font-size );font-weight:var( --e-global-typography-text-font-weight );line-height:var( --e-global-typography-text-line-height );}.elementor-597 .elementor-element.elementor-element-e037f23{text-align:start;margin:0px -20px calc(var(--kit-widget-spacing, 0px) + -120px) -60px;}.elementor-597 .elementor-element.elementor-element-e037f23 img{width:100%;}.elementor-597 .elementor-element.elementor-element-643f406{--display:flex;--justify-content:center;--margin-top:0px;--margin-bottom:120px;--margin-left:50px;--margin-right:0px;}.elementor-widget-heading .elementor-heading-title{font-family:var( --e-global-typography-primary-font-family ), Sans-serif;font-size:var( --e-global-typography-primary-font-size );font-weight:var( --e-global-typography-primary-font-weight );line-height:var( --e-global-typography-primary-line-height );color:var( --e-global-color-primary );}.elementor-597 .elementor-element.elementor-element-b5771a5{text-align:start;margin:0px 0px calc(var(--kit-widget-spacing, 0px) + 20px) 0px;width:var( --container-widget-width, 110% );max-width:110%;--container-widget-width:110%;--container-widget-flex-grow:0;}.elementor-597 .elementor-element.elementor-element-b5771a5 .elementor-heading-title{font-family:var( --e-global-typography-primary-font-family ), Sans-serif;font-size:var( --e-global-typography-primary-font-size );font-weight:var( --e-global-typography-primary-font-weight );line-height:var( --e-global-typography-primary-line-height );color:#FFFFFF;}.elementor-597 .elementor-element.elementor-element-b5771a5.elementor-element{--flex-grow:0;--flex-shrink:0;}.elementor-widget-text-editor{font-family:var( --e-global-typography-text-font-family ), Sans-serif;font-size:var( --e-global-typography-text-font-size );font-weight:var( --e-global-typography-text-font-weight );line-height:var( --e-global-typography-text-line-height );color:var( --e-global-color-text );}.elementor-widget-text-editor.elementor-drop-cap-view-stacked .elementor-drop-cap{background-color:var( --e-global-color-primary );}.elementor-widget-text-editor.elementor-drop-cap-view-framed .elementor-drop-cap, .elementor-widget-text-editor.elementor-drop-cap-view-default .elementor-drop-cap{color:var( --e-global-color-primary );border-color:var( --e-global-color-primary );}.elementor-597 .elementor-element.elementor-element-dfcf48d{text-align:justify;font-family:var( --e-global-typography-text-font-family ), Sans-serif;font-size:var( --e-global-typography-text-font-size );font-weight:var( --e-global-typography-text-font-weight );line-height:var( --e-global-typography-text-line-height );color:var( --e-global-color-text );margin:0px 0px calc(var(--kit-widget-spacing, 0px) + 40px) 0px;width:var( --container-widget-width, 81% );max-width:81%;--container-widget-width:81%;--container-widget-flex-grow:0;}.elementor-597 .elementor-element.elementor-element-dfcf48d.elementor-element{--flex-grow:0;--flex-shrink:0;}@media(min-width:768px){.elementor-597 .elementor-element.elementor-element-3f5252f{--width:100.088%;}.elementor-597 .elementor-element.elementor-element-c4cd6fb{--width:32.666%;}.elementor-597 .elementor-element.elementor-element-643f406{--width:67%;}}@media(max-width:1024px) and (min-width:768px){.elementor-597 .elementor-element.elementor-element-643f406{--width:100%;}}@media(min-width:1025px){.elementor-597 .elementor-element.elementor-element-3f5252f::before, .elementor-597 .elementor-element.elementor-element-3f5252f > .elementor-background-video-container::before, .elementor-597 .elementor-element.elementor-element-3f5252f > .e-con-inner > .elementor-background-video-container::before, .elementor-597 .elementor-element.elementor-element-3f5252f > .elementor-background-slideshow::before, .elementor-597 .elementor-element.elementor-element-3f5252f > .e-con-inner > .elementor-background-slideshow::before, .elementor-597 .elementor-element.elementor-element-3f5252f > .elementor-motion-effects-container > .elementor-motion-effects-layer::before{background-attachment:fixed;}}@media(max-width:1024px){.elementor-597 .elementor-element.elementor-element-3f5252f::before, .elementor-597 .elementor-element.elementor-element-3f5252f > .elementor-background-video-container::before, .elementor-597 .elementor-element.elementor-element-3f5252f > .e-con-inner > .elementor-background-video-container::before, .elementor-597 .elementor-element.elementor-element-3f5252f > .elementor-background-slideshow::before, .elementor-597 .elementor-element.elementor-element-3f5252f > .e-con-inner > .elementor-background-slideshow::before, .elementor-597 .elementor-element.elementor-element-3f5252f > .elementor-motion-effects-container > .elementor-motion-effects-layer::before{background-position:bottom right;}.elementor-597 .elementor-element.elementor-element-3f5252f{--padding-top:160px;--padding-bottom:0px;--padding-left:10px;--padding-right:10px;}.elementor-widget-image .widget-image-caption{font-size:var( --e-global-typography-text-font-size );line-height:var( --e-global-typography-text-line-height );}.elementor-597 .elementor-element.elementor-element-643f406{--margin-top:0px;--margin-bottom:100px;--margin-left:0px;--margin-right:0px;}.elementor-widget-heading .elementor-heading-title{font-size:var( --e-global-typography-primary-font-size );line-height:var( --e-global-typography-primary-line-height );}.elementor-597 .elementor-element.elementor-element-b5771a5 .elementor-heading-title{font-size:var( --e-global-typography-primary-font-size );line-height:var( --e-global-typography-primary-line-height );}.elementor-597 .elementor-element.elementor-element-b5771a5{--container-widget-width:85%;--container-widget-flex-grow:0;width:var( --container-widget-width, 85% );max-width:85%;}.elementor-widget-text-editor{font-size:var( --e-global-typography-text-font-size );line-height:var( --e-global-typography-text-line-height );}.elementor-597 .elementor-element.elementor-element-dfcf48d{font-size:var( --e-global-typography-text-font-size );line-height:var( --e-global-typography-text-line-height );}}@media(max-width:767px){.elementor-597 .elementor-element.elementor-element-3f5252f::before, .elementor-597 .elementor-element.elementor-element-3f5252f > .elementor-background-video-container::before, .elementor-597 .elementor-element.elementor-element-3f5252f > .e-con-inner > .elementor-background-video-container::before, .elementor-597 .elementor-element.elementor-element-3f5252f > .elementor-background-slideshow::before, .elementor-597 .elementor-element.elementor-element-3f5252f > .e-con-inner > .elementor-background-slideshow::before, .elementor-597 .elementor-element.elementor-element-3f5252f > .elementor-motion-effects-container > .elementor-motion-effects-layer::before{background-position:center center;}.elementor-597 .elementor-element.elementor-element-3f5252f{--padding-top:140px;--padding-bottom:0px;--padding-left:10px;--padding-right:10px;}.elementor-widget-image .widget-image-caption{font-size:var( --e-global-typography-text-font-size );line-height:var( --e-global-typography-text-line-height );}.elementor-597 .elementor-element.elementor-element-643f406{--margin-top:0px;--margin-bottom:80px;--margin-left:0px;--margin-right:0px;}.elementor-widget-heading .elementor-heading-title{font-size:var( --e-global-typography-primary-font-size );line-height:var( --e-global-typography-primary-line-height );}.elementor-597 .elementor-element.elementor-element-b5771a5 .elementor-heading-title{font-size:var( --e-global-typography-primary-font-size );line-height:var( --e-global-typography-primary-line-height );}.elementor-597 .elementor-element.elementor-element-b5771a5{--container-widget-width:100%;--container-widget-flex-grow:0;width:var( --container-widget-width, 100% );max-width:100%;}.elementor-widget-text-editor{font-size:var( --e-global-typography-text-font-size );line-height:var( --e-global-typography-text-line-height );}.elementor-597 .elementor-element.elementor-element-dfcf48d{font-size:var( --e-global-typography-text-font-size );line-height:var( --e-global-typography-text-line-height );--container-widget-width:100%;--container-widget-flex-grow:0;width:var( --container-widget-width, 100% );max-width:100%;}}<\/style>\t\t<div data-elementor-type=\"wp-page\" data-elementor-id=\"597\" class=\"elementor elementor-597\">\n\t\t\t\t<div class=\"elementor-element elementor-element-3f5252f e-con-full e-flex e-con e-parent\" data-id=\"3f5252f\" data-element_type=\"container\" data-e-type=\"container\" data-settings=\"{&quot;background_background&quot;:&quot;gradient&quot;}\">\n\t\t<div class=\"elementor-element elementor-element-c4cd6fb elementor-hidden-tablet elementor-hidden-mobile e-con-full e-flex e-con e-child\" data-id=\"c4cd6fb\" data-element_type=\"container\" data-e-type=\"container\">\n\t\t\t\t<div class=\"elementor-element elementor-element-e037f23 elementor-invisible elementor-widget elementor-widget-image\" data-id=\"e037f23\" data-element_type=\"widget\" data-e-type=\"widget\" data-settings=\"{&quot;_animation&quot;:&quot;fadeIn&quot;}\" data-widget_type=\"image.default\">\n\t\t\t\t\t\t\t\t\t\t\t\t\t\t\t<img fetchpriority=\"high\" decoding=\"async\" width=\"1018\" height=\"1400\" src=\"https:\/\/avocatludusan.ro\/wp-content\/uploads\/2026\/03\/Girl-Bust-Bronze-3-e1675753513273.png\" class=\"attachment-full size-full wp-image-310\" alt=\"\" srcset=\"https:\/\/avocatludusan.ro\/wp-content\/uploads\/2026\/03\/Girl-Bust-Bronze-3-e1675753513273.png 1018w, https:\/\/avocatludusan.ro\/wp-content\/uploads\/2026\/03\/Girl-Bust-Bronze-3-e1675753513273-218x300.png 218w, https:\/\/avocatludusan.ro\/wp-content\/uploads\/2026\/03\/Girl-Bust-Bronze-3-e1675753513273-745x1024.png 745w, https:\/\/avocatludusan.ro\/wp-content\/uploads\/2026\/03\/Girl-Bust-Bronze-3-e1675753513273-768x1056.png 768w\" sizes=\"(max-width: 1018px) 100vw, 1018px\" \/>\t\t\t\t\t\t\t\t\t\t\t\t\t\t\t<\/div>\n\t\t\t\t<\/div>\n\t\t<div class=\"elementor-element elementor-element-643f406 e-con-full e-flex e-con e-child\" data-id=\"643f406\" data-element_type=\"container\" data-e-type=\"container\">\n\t\t\t\t<div class=\"elementor-element elementor-element-b5771a5 elementor-widget__width-initial elementor-invisible elementor-widget elementor-widget-heading\" data-id=\"b5771a5\" data-element_type=\"widget\" data-e-type=\"widget\" data-settings=\"{&quot;_animation&quot;:&quot;fadeIn&quot;,&quot;_animation_delay&quot;:&quot;200&quot;}\" data-widget_type=\"heading.default\">\n\t\t\t\t\t<h1 class=\"elementor-heading-title elementor-size-default\">Cybersecurity Law<\/h1>\t\t\t\t<\/div>\n\t\t\t\t<div class=\"elementor-element elementor-element-dfcf48d elementor-widget__width-initial elementor-invisible elementor-widget elementor-widget-text-editor\" data-id=\"dfcf48d\" data-element_type=\"widget\" data-e-type=\"widget\" data-settings=\"{&quot;_animation&quot;:&quot;fadeIn&quot;,&quot;_animation_delay&quot;:&quot;400&quot;}\" data-widget_type=\"text-editor.default\">\n\t\t\t\t\t\t\t\t\t<p>We provide legal support for compliance with national and European legislation concerning cybersecurity and the protection of digital infrastructures. We assist organizations in drafting and implementing internal security policies, conducting risk assessments, managing security incidents, and fulfilling reporting obligations to competent authorities. Furthermore, we offer counsel on data protection and information security, alongside support in employee training and the development of highly effective mechanisms for preventing and responding to cyber threats.<\/p>\t\t\t\t\t\t\t\t<\/div>\n\t\t\t\t<\/div>\n\t\t\t\t<\/div>\n\t\t\t\t<\/div>\n\t\t\n    <div class=\"xs_social_share_widget xs_share_url after_content \t\tmain_content  wslu-style-1 wslu-share-box-shaped wslu-fill-colored wslu-none wslu-share-horizontal wslu-theme-font-no wslu-main_content\">\n\n\t\t\n        <ul>\n\t\t\t        <\/ul>\n    <\/div>","protected":false},"excerpt":{"rendered":"<p>Dreptul securit\u0103\u021bii cibernetice Oferim suport juridic pentru conformitatea cu legisla\u021bia na\u021bional\u0103 \u0219i european\u0103 \u00een domeniul securit\u0103\u021bii cibernetice \u0219i al protec\u021biei infrastructurilor digitale. Asist\u0103m organiza\u021biile \u00een elaborarea \u0219i implementarea politicilor interne de securitate, evaluarea riscurilor, gestionarea incidentelor de securitate \u0219i \u00eendeplinirea obliga\u021biilor de raportare c\u0103tre autorit\u0103\u021bile competente. De asemenea, oferim consultan\u021b\u0103 privind protec\u021bia datelor \u0219i securitatea [&hellip;]<\/p>\n","protected":false},"author":1,"featured_media":0,"parent":0,"menu_order":0,"comment_status":"closed","ping_status":"closed","template":"","meta":{"postBodyCss":"","postBodyMargin":[],"postBodyPadding":[],"postBodyBackground":{"backgroundType":"classic","gradient":""},"footnotes":""},"class_list":["post-597","page","type-page","status-publish","hentry"],"_links":{"self":[{"href":"https:\/\/avocatludusan.ro\/en\/wp-json\/wp\/v2\/pages\/597","targetHints":{"allow":["GET"]}}],"collection":[{"href":"https:\/\/avocatludusan.ro\/en\/wp-json\/wp\/v2\/pages"}],"about":[{"href":"https:\/\/avocatludusan.ro\/en\/wp-json\/wp\/v2\/types\/page"}],"author":[{"embeddable":true,"href":"https:\/\/avocatludusan.ro\/en\/wp-json\/wp\/v2\/users\/1"}],"replies":[{"embeddable":true,"href":"https:\/\/avocatludusan.ro\/en\/wp-json\/wp\/v2\/comments?post=597"}],"version-history":[{"count":7,"href":"https:\/\/avocatludusan.ro\/en\/wp-json\/wp\/v2\/pages\/597\/revisions"}],"predecessor-version":[{"id":604,"href":"https:\/\/avocatludusan.ro\/en\/wp-json\/wp\/v2\/pages\/597\/revisions\/604"}],"wp:attachment":[{"href":"https:\/\/avocatludusan.ro\/en\/wp-json\/wp\/v2\/media?parent=597"}],"curies":[{"name":"wp","href":"https:\/\/api.w.org\/{rel}","templated":true}]}}