{"id":60,"date":"2026-02-19T20:16:26","date_gmt":"2026-02-19T18:16:26","guid":{"rendered":"https:\/\/avocatludusan.ro\/?page_id=60"},"modified":"2026-04-15T09:51:01","modified_gmt":"2026-04-15T07:51:01","slug":"about-us","status":"publish","type":"page","link":"https:\/\/avocatludusan.ro\/en\/about-us\/","title":{"rendered":"About Us"},"content":{"rendered":"<style>.elementor-60 .elementor-element.elementor-element-6d12c850{--display:flex;--flex-direction:row;--container-widget-width:calc( ( 1 - var( --container-widget-flex-grow ) ) * 100% );--container-widget-height:100%;--container-widget-flex-grow:1;--container-widget-align-self:stretch;--flex-wrap-mobile:wrap;--align-items:stretch;--gap:10px 10px;--row-gap:10px;--column-gap:10px;--overlay-opacity:0.8;--padding-top:160px;--padding-bottom:0px;--padding-left:0px;--padding-right:0px;--z-index:20;}.elementor-60 .elementor-element.elementor-element-6d12c850:not(.elementor-motion-effects-element-type-background), .elementor-60 .elementor-element.elementor-element-6d12c850 > .elementor-motion-effects-container > .elementor-motion-effects-layer{background-color:transparent;background-image:linear-gradient(360deg, var( --e-global-color-secondary ) 0%, var( --e-global-color-primary ) 100%);}.elementor-60 .elementor-element.elementor-element-6d12c850::before, .elementor-60 .elementor-element.elementor-element-6d12c850 > .elementor-background-video-container::before, .elementor-60 .elementor-element.elementor-element-6d12c850 > .e-con-inner > .elementor-background-video-container::before, .elementor-60 .elementor-element.elementor-element-6d12c850 > .elementor-background-slideshow::before, .elementor-60 .elementor-element.elementor-element-6d12c850 > .e-con-inner > .elementor-background-slideshow::before, .elementor-60 .elementor-element.elementor-element-6d12c850 > .elementor-motion-effects-container > .elementor-motion-effects-layer::before{--background-overlay:'';background-image:url(\"https:\/\/avocatludusan.ro\/wp-content\/uploads\/2026\/03\/lawyer-and-legal-firm-bg-logo-legalix-e1675388608458-1.png\");background-position:bottom left;background-repeat:no-repeat;background-size:cover;}.elementor-60 .elementor-element.elementor-element-1aca5379{--display:flex;--justify-content:center;--margin-top:0px;--margin-bottom:120px;--margin-left:76px;--margin-right:0px;}.elementor-widget-heading .elementor-heading-title{font-family:var( --e-global-typography-primary-font-family ), Sans-serif;font-size:var( --e-global-typography-primary-font-size );font-weight:var( --e-global-typography-primary-font-weight );line-height:var( --e-global-typography-primary-line-height );color:var( --e-global-color-primary );}.elementor-60 .elementor-element.elementor-element-ebf5680{text-align:start;margin:0px 0px calc(var(--kit-widget-spacing, 0px) + 20px) 0px;width:var( --container-widget-width, 100% );max-width:100%;--container-widget-width:100%;--container-widget-flex-grow:0;}.elementor-60 .elementor-element.elementor-element-ebf5680 .elementor-heading-title{font-family:var( --e-global-typography-secondary-font-family ), Sans-serif;font-size:var( --e-global-typography-secondary-font-size );font-weight:var( --e-global-typography-secondary-font-weight );line-height:var( --e-global-typography-secondary-line-height );color:#FFFFFF;}.elementor-widget-image .widget-image-caption{color:var( --e-global-color-text );font-family:var( --e-global-typography-text-font-family ), Sans-serif;font-size:var( --e-global-typography-text-font-size );font-weight:var( --e-global-typography-text-font-weight );line-height:var( --e-global-typography-text-line-height );}.elementor-60 .elementor-element.elementor-element-e1f1f4d{text-align:center;padding:0px 0px 43px 0px;width:var( --container-widget-width, 87% );max-width:87%;--container-widget-width:87%;--container-widget-flex-grow:0;}.elementor-widget-text-editor{font-family:var( --e-global-typography-text-font-family ), Sans-serif;font-size:var( --e-global-typography-text-font-size );font-weight:var( --e-global-typography-text-font-weight );line-height:var( --e-global-typography-text-line-height );color:var( --e-global-color-text );}.elementor-widget-text-editor.elementor-drop-cap-view-stacked .elementor-drop-cap{background-color:var( --e-global-color-primary );}.elementor-widget-text-editor.elementor-drop-cap-view-framed .elementor-drop-cap, .elementor-widget-text-editor.elementor-drop-cap-view-default .elementor-drop-cap{color:var( --e-global-color-primary );border-color:var( --e-global-color-primary );}.elementor-60 .elementor-element.elementor-element-7f14800d{text-align:justify;font-family:\"Work Sans\", Sans-serif;font-size:20px;font-weight:400;text-transform:none;font-style:normal;text-decoration:none;line-height:1.6em;color:#CBCBCB;margin:0px 0px calc(var(--kit-widget-spacing, 0px) + 60px) 0px;width:var( --container-widget-width, 89.771% );max-width:89.771%;--container-widget-width:89.771%;--container-widget-flex-grow:0;}.elementor-60 .elementor-element.elementor-element-7f14800d.elementor-element{--flex-grow:0;--flex-shrink:0;}@media(min-width:768px){.elementor-60 .elementor-element.elementor-element-6d12c850{--content-width:1160px;}.elementor-60 .elementor-element.elementor-element-1aca5379{--width:100%;}}@media(max-width:1024px) and (min-width:768px){.elementor-60 .elementor-element.elementor-element-1aca5379{--width:100%;}}@media(min-width:1025px){.elementor-60 .elementor-element.elementor-element-6d12c850::before, .elementor-60 .elementor-element.elementor-element-6d12c850 > .elementor-background-video-container::before, .elementor-60 .elementor-element.elementor-element-6d12c850 > .e-con-inner > .elementor-background-video-container::before, .elementor-60 .elementor-element.elementor-element-6d12c850 > .elementor-background-slideshow::before, .elementor-60 .elementor-element.elementor-element-6d12c850 > .e-con-inner > .elementor-background-slideshow::before, .elementor-60 .elementor-element.elementor-element-6d12c850 > .elementor-motion-effects-container > .elementor-motion-effects-layer::before{background-attachment:fixed;}}@media(max-width:1024px){.elementor-60 .elementor-element.elementor-element-6d12c850::before, .elementor-60 .elementor-element.elementor-element-6d12c850 > .elementor-background-video-container::before, .elementor-60 .elementor-element.elementor-element-6d12c850 > .e-con-inner > .elementor-background-video-container::before, .elementor-60 .elementor-element.elementor-element-6d12c850 > .elementor-background-slideshow::before, .elementor-60 .elementor-element.elementor-element-6d12c850 > .e-con-inner > .elementor-background-slideshow::before, .elementor-60 .elementor-element.elementor-element-6d12c850 > .elementor-motion-effects-container > .elementor-motion-effects-layer::before{background-position:bottom right;}.elementor-60 .elementor-element.elementor-element-6d12c850{--padding-top:140px;--padding-bottom:0px;--padding-left:10px;--padding-right:10px;}.elementor-60 .elementor-element.elementor-element-1aca5379{--margin-top:0px;--margin-bottom:100px;--margin-left:0px;--margin-right:0px;}.elementor-widget-heading .elementor-heading-title{font-size:var( --e-global-typography-primary-font-size );line-height:var( --e-global-typography-primary-line-height );}.elementor-60 .elementor-element.elementor-element-ebf5680 .elementor-heading-title{font-size:var( --e-global-typography-secondary-font-size );line-height:var( --e-global-typography-secondary-line-height );}.elementor-60 .elementor-element.elementor-element-ebf5680{--container-widget-width:95%;--container-widget-flex-grow:0;width:var( --container-widget-width, 95% );max-width:95%;}.elementor-widget-image .widget-image-caption{font-size:var( --e-global-typography-text-font-size );line-height:var( --e-global-typography-text-line-height );}.elementor-widget-text-editor{font-size:var( --e-global-typography-text-font-size );line-height:var( --e-global-typography-text-line-height );}.elementor-60 .elementor-element.elementor-element-7f14800d{font-size:19px;}}@media(max-width:767px){.elementor-60 .elementor-element.elementor-element-6d12c850::before, .elementor-60 .elementor-element.elementor-element-6d12c850 > .elementor-background-video-container::before, .elementor-60 .elementor-element.elementor-element-6d12c850 > .e-con-inner > .elementor-background-video-container::before, .elementor-60 .elementor-element.elementor-element-6d12c850 > .elementor-background-slideshow::before, .elementor-60 .elementor-element.elementor-element-6d12c850 > .e-con-inner > .elementor-background-slideshow::before, .elementor-60 .elementor-element.elementor-element-6d12c850 > .elementor-motion-effects-container > .elementor-motion-effects-layer::before{background-position:center center;}.elementor-60 .elementor-element.elementor-element-6d12c850{--padding-top:140px;--padding-bottom:0px;--padding-left:10px;--padding-right:10px;}.elementor-60 .elementor-element.elementor-element-1aca5379{--margin-top:0px;--margin-bottom:80px;--margin-left:0px;--margin-right:0px;}.elementor-widget-heading .elementor-heading-title{font-size:var( --e-global-typography-primary-font-size );line-height:var( --e-global-typography-primary-line-height );}.elementor-60 .elementor-element.elementor-element-ebf5680 .elementor-heading-title{font-size:var( --e-global-typography-secondary-font-size );line-height:var( --e-global-typography-secondary-line-height );}.elementor-60 .elementor-element.elementor-element-ebf5680{--container-widget-width:100%;--container-widget-flex-grow:0;width:var( --container-widget-width, 100% );max-width:100%;}.elementor-widget-image .widget-image-caption{font-size:var( --e-global-typography-text-font-size );line-height:var( --e-global-typography-text-line-height );}.elementor-widget-text-editor{font-size:var( --e-global-typography-text-font-size );line-height:var( --e-global-typography-text-line-height );}.elementor-60 .elementor-element.elementor-element-7f14800d{font-size:18px;margin:0px 0px calc(var(--kit-widget-spacing, 0px) + 50px) 0px;--container-widget-width:100%;--container-widget-flex-grow:0;width:var( --container-widget-width, 100% );max-width:100%;}}<\/style>\t\t<div data-elementor-type=\"wp-page\" data-elementor-id=\"60\" class=\"elementor elementor-60\">\n\t\t\t\t<div class=\"elementor-element elementor-element-6d12c850 e-flex e-con-boxed e-con e-parent\" data-id=\"6d12c850\" data-element_type=\"container\" data-e-type=\"container\" data-settings=\"{&quot;background_background&quot;:&quot;gradient&quot;}\">\n\t\t\t\t\t<div class=\"e-con-inner\">\n\t\t<div class=\"elementor-element elementor-element-1aca5379 e-con-full e-flex e-con e-child\" data-id=\"1aca5379\" data-element_type=\"container\" data-e-type=\"container\">\n\t\t\t\t<div class=\"elementor-element elementor-element-ebf5680 elementor-widget__width-initial elementor-invisible elementor-widget elementor-widget-heading\" data-id=\"ebf5680\" data-element_type=\"widget\" data-e-type=\"widget\" data-settings=\"{&quot;_animation&quot;:&quot;fadeIn&quot;,&quot;_animation_delay&quot;:&quot;200&quot;}\" data-widget_type=\"heading.default\">\n\t\t\t\t\t<h1 class=\"elementor-heading-title elementor-size-default\">Excellence in Service is Our Hallmark<\/h1>\t\t\t\t<\/div>\n\t\t\t\t<div class=\"elementor-element elementor-element-e1f1f4d elementor-widget__width-initial elementor-widget elementor-widget-image\" data-id=\"e1f1f4d\" data-element_type=\"widget\" data-e-type=\"widget\" data-widget_type=\"image.default\">\n\t\t\t\t\t\t\t\t\t\t\t\t\t\t\t<img fetchpriority=\"high\" decoding=\"async\" width=\"768\" height=\"510\" src=\"https:\/\/avocatludusan.ro\/wp-content\/uploads\/2026\/04\/dragos-gontariu-77QHAUpzaN0-unsplash-768x510.jpg\" class=\"attachment-medium_large size-medium_large wp-image-971\" alt=\"\" srcset=\"https:\/\/avocatludusan.ro\/wp-content\/uploads\/2026\/04\/dragos-gontariu-77QHAUpzaN0-unsplash-768x510.jpg 768w, https:\/\/avocatludusan.ro\/wp-content\/uploads\/2026\/04\/dragos-gontariu-77QHAUpzaN0-unsplash-300x199.jpg 300w, https:\/\/avocatludusan.ro\/wp-content\/uploads\/2026\/04\/dragos-gontariu-77QHAUpzaN0-unsplash-1024x680.jpg 1024w, https:\/\/avocatludusan.ro\/wp-content\/uploads\/2026\/04\/dragos-gontariu-77QHAUpzaN0-unsplash-1536x1020.jpg 1536w, https:\/\/avocatludusan.ro\/wp-content\/uploads\/2026\/04\/dragos-gontariu-77QHAUpzaN0-unsplash-2048x1360.jpg 2048w, https:\/\/avocatludusan.ro\/wp-content\/uploads\/2026\/04\/dragos-gontariu-77QHAUpzaN0-unsplash-18x12.jpg 18w\" sizes=\"(max-width: 768px) 100vw, 768px\" \/>\t\t\t\t\t\t\t\t\t\t\t\t\t\t\t<\/div>\n\t\t\t\t<div class=\"elementor-element elementor-element-7f14800d elementor-widget__width-initial elementor-invisible elementor-widget elementor-widget-text-editor\" data-id=\"7f14800d\" data-element_type=\"widget\" data-e-type=\"widget\" data-settings=\"{&quot;_animation&quot;:&quot;fadeIn&quot;,&quot;_animation_delay&quot;:&quot;400&quot;}\" data-widget_type=\"text-editor.default\">\n\t\t\t\t\t\t\t\t\t<p>With over 20 years of experience and centrally located in T\u00e2rgu Mure\u0219, the Dr. Ludu\u0219an Florin Law Office provides clients with highly successful legal solutions across all areas of practice.\n\nThe firm was founded by Dr. Florin Ludu\u0219an, a fully qualified attorney admitted to the Mure\u0219 Bar Association. Dr. Ludu\u0219an holds a Bachelor of Laws (LL.B.), a Master of Laws (LL.M.) in Business Law, and a Ph.D. in Commercial Law, and also serves as a University Lecturer.<br \/><br \/><\/p><p>Our collaboration with highly specialized attorneys across various legal disciplines, combined with decades of accumulated experience, is instrumental to our high success rate in resolving complex disputes and legal matters for both corporate entities and private clients.<br \/><br \/><\/p><p>To ensure the delivery of comprehensive legal services at the highest professional standards, we work closely with a trusted network of specialists, including bailiffs, land registry and topographical experts, certified public accountants, notaries public, and sworn translators.\n\nWe place the utmost importance on professional ethics, guaranteeing our clients:<br \/>- uncompromising professionalism and strict confidentiality;<br \/>- a dynamic approach to navigating complex legal issues;<br \/>- tailored strategies adapted to each client's unique profile;<br \/>- creative and dynamic interpersonal communication;<br \/>- a proactive, forward-thinking mindset;<br \/>- flexibility and strategic vision in conflict and dispute resolution;<br \/>- comprehensive and sophisticated legal representation.<br \/><br \/><\/p><p>Our core principles and strategic vision are underpinned by our unwavering commitment to client service. We invite you to partner with us to achieve the best possible legal outcomes.<\/p>\t\t\t\t\t\t\t\t<\/div>\n\t\t\t\t<\/div>\n\t\t\t\t\t<\/div>\n\t\t\t\t<\/div>\n\t\t\t\t<\/div>\n\t\t\n    <div class=\"xs_social_share_widget xs_share_url after_content \t\tmain_content  wslu-style-1 wslu-share-box-shaped wslu-fill-colored wslu-none wslu-share-horizontal wslu-theme-font-no wslu-main_content\">\n\n\t\t\n        <ul>\n\t\t\t        <\/ul>\n    <\/div>","protected":false},"excerpt":{"rendered":"<p>Calitatea serviciilor este cartea noastr\u0103 de vizit\u0103 Cu o experien\u021b\u0103 de peste 20 ani, fiind situat \u00een centrul T\u00e2rgu Mure\u015fului, Cabinetul de Avocatur\u0103 \u201eLudu\u015fan Florin\u201d ofer\u0103 clien\u021bilor s\u0103i, solu\u021bii juridice de succes \u00een orice ramur\u0103 a dreptului. Cabinetul de Avocatur\u0103 \u201eLudu\u015fan Florin\u201d a fost \u00eenfiin\u0163at de c\u0103tre Av. Dr. Ludu\u015fan Florin, avocat definit \u00een Baroul [&hellip;]<\/p>\n","protected":false},"author":1,"featured_media":0,"parent":0,"menu_order":0,"comment_status":"closed","ping_status":"closed","template":"","meta":{"postBodyCss":"","postBodyMargin":[],"postBodyPadding":[],"postBodyBackground":{"backgroundType":"classic","gradient":""},"footnotes":""},"class_list":["post-60","page","type-page","status-publish","hentry"],"_links":{"self":[{"href":"https:\/\/avocatludusan.ro\/en\/wp-json\/wp\/v2\/pages\/60","targetHints":{"allow":["GET"]}}],"collection":[{"href":"https:\/\/avocatludusan.ro\/en\/wp-json\/wp\/v2\/pages"}],"about":[{"href":"https:\/\/avocatludusan.ro\/en\/wp-json\/wp\/v2\/types\/page"}],"author":[{"embeddable":true,"href":"https:\/\/avocatludusan.ro\/en\/wp-json\/wp\/v2\/users\/1"}],"replies":[{"embeddable":true,"href":"https:\/\/avocatludusan.ro\/en\/wp-json\/wp\/v2\/comments?post=60"}],"version-history":[{"count":32,"href":"https:\/\/avocatludusan.ro\/en\/wp-json\/wp\/v2\/pages\/60\/revisions"}],"predecessor-version":[{"id":983,"href":"https:\/\/avocatludusan.ro\/en\/wp-json\/wp\/v2\/pages\/60\/revisions\/983"}],"wp:attachment":[{"href":"https:\/\/avocatludusan.ro\/en\/wp-json\/wp\/v2\/media?parent=60"}],"curies":[{"name":"wp","href":"https:\/\/api.w.org\/{rel}","templated":true}]}}