{"id":611,"date":"2026-03-12T20:38:49","date_gmt":"2026-03-12T18:38:49","guid":{"rendered":"https:\/\/avocatludusan.ro\/?page_id=611"},"modified":"2026-03-12T20:39:28","modified_gmt":"2026-03-12T18:39:28","slug":"drept-penal","status":"publish","type":"page","link":"https:\/\/avocatludusan.ro\/en\/drept-penal\/","title":{"rendered":"Criminal Law"},"content":{"rendered":"<style>.elementor-611 .elementor-element.elementor-element-a064152{--display:flex;--flex-direction:row;--container-widget-width:calc( ( 1 - var( --container-widget-flex-grow ) ) * 100% );--container-widget-height:100%;--container-widget-flex-grow:1;--container-widget-align-self:stretch;--flex-wrap-mobile:wrap;--align-items:stretch;--gap:10px 10px;--row-gap:10px;--column-gap:10px;--overlay-opacity:0.8;--margin-top:0px;--margin-bottom:0px;--margin-left:0px;--margin-right:0px;--padding-top:170px;--padding-bottom:0px;--padding-left:0px;--padding-right:0px;--z-index:20;}.elementor-611 .elementor-element.elementor-element-a064152:not(.elementor-motion-effects-element-type-background), .elementor-611 .elementor-element.elementor-element-a064152 > .elementor-motion-effects-container > .elementor-motion-effects-layer{background-color:transparent;background-image:linear-gradient(0deg, var( --e-global-color-secondary ) 0%, var( --e-global-color-primary ) 100%);}.elementor-611 .elementor-element.elementor-element-a064152::before, .elementor-611 .elementor-element.elementor-element-a064152 > .elementor-background-video-container::before, .elementor-611 .elementor-element.elementor-element-a064152 > .e-con-inner > .elementor-background-video-container::before, .elementor-611 .elementor-element.elementor-element-a064152 > .elementor-background-slideshow::before, .elementor-611 .elementor-element.elementor-element-a064152 > .e-con-inner > .elementor-background-slideshow::before, .elementor-611 .elementor-element.elementor-element-a064152 > .elementor-motion-effects-container > .elementor-motion-effects-layer::before{--background-overlay:'';background-image:url(\"https:\/\/avocatludusan.ro\/wp-content\/uploads\/2026\/03\/lawyer-and-legal-firm-bg-logo-legalix-e1675388608458-1.png\");background-position:bottom left;background-repeat:no-repeat;background-size:cover;}.elementor-611 .elementor-element.elementor-element-1725b67{--display:flex;--justify-content:flex-end;--margin-top:0px;--margin-bottom:0px;--margin-left:0px;--margin-right:0px;}.elementor-widget-image .widget-image-caption{color:var( --e-global-color-text );font-family:var( --e-global-typography-text-font-family ), Sans-serif;font-size:var( --e-global-typography-text-font-size );font-weight:var( --e-global-typography-text-font-weight );line-height:var( --e-global-typography-text-line-height );}.elementor-611 .elementor-element.elementor-element-e4e5f32{text-align:start;margin:0px -20px calc(var(--kit-widget-spacing, 0px) + -120px) -60px;}.elementor-611 .elementor-element.elementor-element-e4e5f32 img{width:100%;}.elementor-611 .elementor-element.elementor-element-4f9b970{--display:flex;--justify-content:center;--margin-top:0px;--margin-bottom:120px;--margin-left:50px;--margin-right:0px;}.elementor-widget-heading .elementor-heading-title{font-family:var( --e-global-typography-primary-font-family ), Sans-serif;font-size:var( --e-global-typography-primary-font-size );font-weight:var( --e-global-typography-primary-font-weight );line-height:var( --e-global-typography-primary-line-height );color:var( --e-global-color-primary );}.elementor-611 .elementor-element.elementor-element-1bf2125{text-align:start;margin:0px 0px calc(var(--kit-widget-spacing, 0px) + 20px) 0px;width:var( --container-widget-width, 100% );max-width:100%;--container-widget-width:100%;--container-widget-flex-grow:0;}.elementor-611 .elementor-element.elementor-element-1bf2125 .elementor-heading-title{font-family:var( --e-global-typography-primary-font-family ), Sans-serif;font-size:var( --e-global-typography-primary-font-size );font-weight:var( --e-global-typography-primary-font-weight );line-height:var( --e-global-typography-primary-line-height );color:#FFFFFF;}.elementor-widget-text-editor{font-family:var( --e-global-typography-text-font-family ), Sans-serif;font-size:var( --e-global-typography-text-font-size );font-weight:var( --e-global-typography-text-font-weight );line-height:var( --e-global-typography-text-line-height );color:var( --e-global-color-text );}.elementor-widget-text-editor.elementor-drop-cap-view-stacked .elementor-drop-cap{background-color:var( --e-global-color-primary );}.elementor-widget-text-editor.elementor-drop-cap-view-framed .elementor-drop-cap, .elementor-widget-text-editor.elementor-drop-cap-view-default .elementor-drop-cap{color:var( --e-global-color-primary );border-color:var( --e-global-color-primary );}.elementor-611 .elementor-element.elementor-element-86eb6b6{text-align:justify;font-family:var( --e-global-typography-text-font-family ), Sans-serif;font-size:var( --e-global-typography-text-font-size );font-weight:var( --e-global-typography-text-font-weight );line-height:var( --e-global-typography-text-line-height );color:var( --e-global-color-text );margin:0px 0px calc(var(--kit-widget-spacing, 0px) + 40px) 0px;width:var( --container-widget-width, 94.615% );max-width:94.615%;--container-widget-width:94.615%;--container-widget-flex-grow:0;}.elementor-611 .elementor-element.elementor-element-86eb6b6.elementor-element{--flex-grow:0;--flex-shrink:0;}@media(min-width:768px){.elementor-611 .elementor-element.elementor-element-a064152{--content-width:1160px;}.elementor-611 .elementor-element.elementor-element-1725b67{--width:32.666%;}.elementor-611 .elementor-element.elementor-element-4f9b970{--width:67%;}}@media(max-width:1024px) and (min-width:768px){.elementor-611 .elementor-element.elementor-element-4f9b970{--width:100%;}}@media(min-width:1025px){.elementor-611 .elementor-element.elementor-element-a064152::before, .elementor-611 .elementor-element.elementor-element-a064152 > .elementor-background-video-container::before, .elementor-611 .elementor-element.elementor-element-a064152 > .e-con-inner > .elementor-background-video-container::before, .elementor-611 .elementor-element.elementor-element-a064152 > .elementor-background-slideshow::before, .elementor-611 .elementor-element.elementor-element-a064152 > .e-con-inner > .elementor-background-slideshow::before, .elementor-611 .elementor-element.elementor-element-a064152 > .elementor-motion-effects-container > .elementor-motion-effects-layer::before{background-attachment:fixed;}}@media(max-width:1024px){.elementor-611 .elementor-element.elementor-element-a064152::before, .elementor-611 .elementor-element.elementor-element-a064152 > .elementor-background-video-container::before, .elementor-611 .elementor-element.elementor-element-a064152 > .e-con-inner > .elementor-background-video-container::before, .elementor-611 .elementor-element.elementor-element-a064152 > .elementor-background-slideshow::before, .elementor-611 .elementor-element.elementor-element-a064152 > .e-con-inner > .elementor-background-slideshow::before, .elementor-611 .elementor-element.elementor-element-a064152 > .elementor-motion-effects-container > .elementor-motion-effects-layer::before{background-position:bottom right;}.elementor-611 .elementor-element.elementor-element-a064152{--padding-top:160px;--padding-bottom:0px;--padding-left:10px;--padding-right:10px;}.elementor-widget-image .widget-image-caption{font-size:var( --e-global-typography-text-font-size );line-height:var( --e-global-typography-text-line-height );}.elementor-611 .elementor-element.elementor-element-4f9b970{--margin-top:0px;--margin-bottom:100px;--margin-left:0px;--margin-right:0px;}.elementor-widget-heading .elementor-heading-title{font-size:var( --e-global-typography-primary-font-size );line-height:var( --e-global-typography-primary-line-height );}.elementor-611 .elementor-element.elementor-element-1bf2125 .elementor-heading-title{font-size:var( --e-global-typography-primary-font-size );line-height:var( --e-global-typography-primary-line-height );}.elementor-611 .elementor-element.elementor-element-1bf2125{--container-widget-width:85%;--container-widget-flex-grow:0;width:var( --container-widget-width, 85% );max-width:85%;}.elementor-widget-text-editor{font-size:var( --e-global-typography-text-font-size );line-height:var( --e-global-typography-text-line-height );}.elementor-611 .elementor-element.elementor-element-86eb6b6{font-size:var( --e-global-typography-text-font-size );line-height:var( --e-global-typography-text-line-height );}}@media(max-width:767px){.elementor-611 .elementor-element.elementor-element-a064152::before, .elementor-611 .elementor-element.elementor-element-a064152 > .elementor-background-video-container::before, .elementor-611 .elementor-element.elementor-element-a064152 > .e-con-inner > .elementor-background-video-container::before, .elementor-611 .elementor-element.elementor-element-a064152 > .elementor-background-slideshow::before, .elementor-611 .elementor-element.elementor-element-a064152 > .e-con-inner > .elementor-background-slideshow::before, .elementor-611 .elementor-element.elementor-element-a064152 > .elementor-motion-effects-container > .elementor-motion-effects-layer::before{background-position:center center;}.elementor-611 .elementor-element.elementor-element-a064152{--padding-top:140px;--padding-bottom:0px;--padding-left:10px;--padding-right:10px;}.elementor-widget-image .widget-image-caption{font-size:var( --e-global-typography-text-font-size );line-height:var( --e-global-typography-text-line-height );}.elementor-611 .elementor-element.elementor-element-4f9b970{--margin-top:0px;--margin-bottom:80px;--margin-left:0px;--margin-right:0px;}.elementor-widget-heading .elementor-heading-title{font-size:var( --e-global-typography-primary-font-size );line-height:var( --e-global-typography-primary-line-height );}.elementor-611 .elementor-element.elementor-element-1bf2125 .elementor-heading-title{font-size:var( --e-global-typography-primary-font-size );line-height:var( --e-global-typography-primary-line-height );}.elementor-611 .elementor-element.elementor-element-1bf2125{--container-widget-width:100%;--container-widget-flex-grow:0;width:var( --container-widget-width, 100% );max-width:100%;}.elementor-widget-text-editor{font-size:var( --e-global-typography-text-font-size );line-height:var( --e-global-typography-text-line-height );}.elementor-611 .elementor-element.elementor-element-86eb6b6{font-size:var( --e-global-typography-text-font-size );line-height:var( --e-global-typography-text-line-height );--container-widget-width:100%;--container-widget-flex-grow:0;width:var( --container-widget-width, 100% );max-width:100%;}}<\/style>\t\t<div data-elementor-type=\"wp-page\" data-elementor-id=\"611\" class=\"elementor elementor-611\">\n\t\t\t\t<div class=\"elementor-element elementor-element-a064152 e-flex e-con-boxed e-con e-parent\" data-id=\"a064152\" data-element_type=\"container\" data-e-type=\"container\" data-settings=\"{&quot;background_background&quot;:&quot;gradient&quot;}\">\n\t\t\t\t\t<div class=\"e-con-inner\">\n\t\t<div class=\"elementor-element elementor-element-1725b67 elementor-hidden-tablet elementor-hidden-mobile e-con-full e-flex e-con e-child\" data-id=\"1725b67\" data-element_type=\"container\" data-e-type=\"container\">\n\t\t\t\t<div class=\"elementor-element elementor-element-e4e5f32 elementor-invisible elementor-widget elementor-widget-image\" data-id=\"e4e5f32\" data-element_type=\"widget\" data-e-type=\"widget\" data-settings=\"{&quot;_animation&quot;:&quot;fadeIn&quot;}\" data-widget_type=\"image.default\">\n\t\t\t\t\t\t\t\t\t\t\t\t\t\t\t<img fetchpriority=\"high\" decoding=\"async\" width=\"1018\" height=\"1400\" src=\"https:\/\/avocatludusan.ro\/wp-content\/uploads\/2026\/03\/Girl-Bust-Bronze-3-e1675753513273.png\" class=\"attachment-full size-full wp-image-310\" alt=\"\" srcset=\"https:\/\/avocatludusan.ro\/wp-content\/uploads\/2026\/03\/Girl-Bust-Bronze-3-e1675753513273.png 1018w, https:\/\/avocatludusan.ro\/wp-content\/uploads\/2026\/03\/Girl-Bust-Bronze-3-e1675753513273-218x300.png 218w, https:\/\/avocatludusan.ro\/wp-content\/uploads\/2026\/03\/Girl-Bust-Bronze-3-e1675753513273-745x1024.png 745w, https:\/\/avocatludusan.ro\/wp-content\/uploads\/2026\/03\/Girl-Bust-Bronze-3-e1675753513273-768x1056.png 768w\" sizes=\"(max-width: 1018px) 100vw, 1018px\" \/>\t\t\t\t\t\t\t\t\t\t\t\t\t\t\t<\/div>\n\t\t\t\t<\/div>\n\t\t<div class=\"elementor-element elementor-element-4f9b970 e-con-full e-flex e-con e-child\" data-id=\"4f9b970\" data-element_type=\"container\" data-e-type=\"container\">\n\t\t\t\t<div class=\"elementor-element elementor-element-1bf2125 elementor-widget__width-initial elementor-invisible elementor-widget elementor-widget-heading\" data-id=\"1bf2125\" data-element_type=\"widget\" data-e-type=\"widget\" data-settings=\"{&quot;_animation&quot;:&quot;fadeIn&quot;,&quot;_animation_delay&quot;:&quot;200&quot;}\" data-widget_type=\"heading.default\">\n\t\t\t\t\t<h1 class=\"elementor-heading-title elementor-size-default\">Criminal Law<\/h1>\t\t\t\t<\/div>\n\t\t\t\t<div class=\"elementor-element elementor-element-86eb6b6 elementor-widget__width-initial elementor-invisible elementor-widget elementor-widget-text-editor\" data-id=\"86eb6b6\" data-element_type=\"widget\" data-e-type=\"widget\" data-settings=\"{&quot;_animation&quot;:&quot;fadeIn&quot;,&quot;_animation_delay&quot;:&quot;400&quot;}\" data-widget_type=\"text-editor.default\">\n\t\t\t\t\t\t\t\t\t<p>We offer legal assistance and strategic representation in criminal law matters, with a primary focus on white-collar crime and corporate offenses. We ensure the robust defense of our clients across all stages of criminal proceedings, from the initial investigation phase through to trial. This includes high-stakes cases investigated by the National Anticorruption Directorate (DNA), the Directorate for Investigating Organized Crime and Terrorism (DIICOT), the National Agency for Fiscal Administration (ANAF), and the General Directorate of Anti-Fraud. Additionally, we provide legal counsel on mitigating criminal liability risks in corporate operations, managing internal investigations, and formulating defense strategies in complex legal situations.<\/p>\t\t\t\t\t\t\t\t<\/div>\n\t\t\t\t<\/div>\n\t\t\t\t\t<\/div>\n\t\t\t\t<\/div>\n\t\t\t\t<\/div>\n\t\t\n    <div class=\"xs_social_share_widget xs_share_url after_content \t\tmain_content  wslu-style-1 wslu-share-box-shaped wslu-fill-colored wslu-none wslu-share-horizontal wslu-theme-font-no wslu-main_content\">\n\n\t\t\n        <ul>\n\t\t\t        <\/ul>\n    <\/div>","protected":false},"excerpt":{"rendered":"<p>Drept penal Oferim asisten\u021b\u0103 juridic\u0103 \u0219i reprezentare strategic\u0103 \u00een dosare de drept penal, cu accent pe cauze de criminalitate economic\u0103 \u0219i infrac\u021biuni din mediul de afaceri. Asigur\u0103m ap\u0103rarea clien\u021bilor \u00een toate etapele procedurii penale, de la faza de urm\u0103rire penal\u0103 p\u00e2n\u0103 la judecat\u0103, inclusiv \u00een cauze aflate \u00een instrumentarea DNA, DIICOT, ANAF sau a Direc\u021biei [&hellip;]<\/p>\n","protected":false},"author":1,"featured_media":0,"parent":0,"menu_order":0,"comment_status":"closed","ping_status":"closed","template":"","meta":{"postBodyCss":"","postBodyMargin":[],"postBodyPadding":[],"postBodyBackground":{"backgroundType":"classic","gradient":""},"footnotes":""},"class_list":["post-611","page","type-page","status-publish","hentry"],"_links":{"self":[{"href":"https:\/\/avocatludusan.ro\/en\/wp-json\/wp\/v2\/pages\/611","targetHints":{"allow":["GET"]}}],"collection":[{"href":"https:\/\/avocatludusan.ro\/en\/wp-json\/wp\/v2\/pages"}],"about":[{"href":"https:\/\/avocatludusan.ro\/en\/wp-json\/wp\/v2\/types\/page"}],"author":[{"embeddable":true,"href":"https:\/\/avocatludusan.ro\/en\/wp-json\/wp\/v2\/users\/1"}],"replies":[{"embeddable":true,"href":"https:\/\/avocatludusan.ro\/en\/wp-json\/wp\/v2\/comments?post=611"}],"version-history":[{"count":4,"href":"https:\/\/avocatludusan.ro\/en\/wp-json\/wp\/v2\/pages\/611\/revisions"}],"predecessor-version":[{"id":615,"href":"https:\/\/avocatludusan.ro\/en\/wp-json\/wp\/v2\/pages\/611\/revisions\/615"}],"wp:attachment":[{"href":"https:\/\/avocatludusan.ro\/en\/wp-json\/wp\/v2\/media?parent=611"}],"curies":[{"name":"wp","href":"https:\/\/api.w.org\/{rel}","templated":true}]}}