{"id":633,"date":"2026-03-12T20:42:27","date_gmt":"2026-03-12T18:42:27","guid":{"rendered":"https:\/\/avocatludusan.ro\/?page_id=633"},"modified":"2026-03-12T20:43:22","modified_gmt":"2026-03-12T18:43:22","slug":"dreptul-imigrarilor","status":"publish","type":"page","link":"https:\/\/avocatludusan.ro\/en\/dreptul-imigrarilor\/","title":{"rendered":"Immigration Law"},"content":{"rendered":"<style>.elementor-633 .elementor-element.elementor-element-7e1af0b{--display:flex;--flex-direction:row;--container-widget-width:calc( ( 1 - var( --container-widget-flex-grow ) ) * 100% );--container-widget-height:100%;--container-widget-flex-grow:1;--container-widget-align-self:stretch;--flex-wrap-mobile:wrap;--align-items:stretch;--gap:10px 10px;--row-gap:10px;--column-gap:10px;--overlay-opacity:0.8;--margin-top:0px;--margin-bottom:0px;--margin-left:0px;--margin-right:0px;--padding-top:170px;--padding-bottom:0px;--padding-left:0px;--padding-right:0px;--z-index:20;}.elementor-633 .elementor-element.elementor-element-7e1af0b:not(.elementor-motion-effects-element-type-background), .elementor-633 .elementor-element.elementor-element-7e1af0b > .elementor-motion-effects-container > .elementor-motion-effects-layer{background-color:transparent;background-image:linear-gradient(0deg, var( --e-global-color-secondary ) 0%, var( --e-global-color-primary ) 100%);}.elementor-633 .elementor-element.elementor-element-7e1af0b::before, .elementor-633 .elementor-element.elementor-element-7e1af0b > .elementor-background-video-container::before, .elementor-633 .elementor-element.elementor-element-7e1af0b > .e-con-inner > .elementor-background-video-container::before, .elementor-633 .elementor-element.elementor-element-7e1af0b > .elementor-background-slideshow::before, .elementor-633 .elementor-element.elementor-element-7e1af0b > .e-con-inner > .elementor-background-slideshow::before, .elementor-633 .elementor-element.elementor-element-7e1af0b > .elementor-motion-effects-container > .elementor-motion-effects-layer::before{--background-overlay:'';background-image:url(\"https:\/\/avocatludusan.ro\/wp-content\/uploads\/2026\/03\/lawyer-and-legal-firm-bg-logo-legalix-e1675388608458-1.png\");background-position:bottom left;background-repeat:no-repeat;background-size:cover;}.elementor-633 .elementor-element.elementor-element-8b7d7d9{--display:flex;--justify-content:flex-end;--margin-top:0px;--margin-bottom:0px;--margin-left:0px;--margin-right:0px;}.elementor-widget-image .widget-image-caption{color:var( --e-global-color-text );font-family:var( --e-global-typography-text-font-family ), Sans-serif;font-size:var( --e-global-typography-text-font-size );font-weight:var( --e-global-typography-text-font-weight );line-height:var( --e-global-typography-text-line-height );}.elementor-633 .elementor-element.elementor-element-24e4c62{text-align:start;margin:0px -20px calc(var(--kit-widget-spacing, 0px) + -120px) -60px;}.elementor-633 .elementor-element.elementor-element-24e4c62 img{width:100%;}.elementor-633 .elementor-element.elementor-element-b8b8363{--display:flex;--justify-content:center;--margin-top:0px;--margin-bottom:120px;--margin-left:50px;--margin-right:0px;}.elementor-widget-heading .elementor-heading-title{font-family:var( --e-global-typography-primary-font-family ), Sans-serif;font-size:var( --e-global-typography-primary-font-size );font-weight:var( --e-global-typography-primary-font-weight );line-height:var( --e-global-typography-primary-line-height );color:var( --e-global-color-primary );}.elementor-633 .elementor-element.elementor-element-93376df{text-align:start;margin:0px 0px calc(var(--kit-widget-spacing, 0px) + 20px) 0px;width:var( --container-widget-width, 100% );max-width:100%;--container-widget-width:100%;--container-widget-flex-grow:0;}.elementor-633 .elementor-element.elementor-element-93376df .elementor-heading-title{font-family:var( --e-global-typography-primary-font-family ), Sans-serif;font-size:var( --e-global-typography-primary-font-size );font-weight:var( --e-global-typography-primary-font-weight );line-height:var( --e-global-typography-primary-line-height );color:#FFFFFF;}.elementor-widget-text-editor{font-family:var( --e-global-typography-text-font-family ), Sans-serif;font-size:var( --e-global-typography-text-font-size );font-weight:var( --e-global-typography-text-font-weight );line-height:var( --e-global-typography-text-line-height );color:var( --e-global-color-text );}.elementor-widget-text-editor.elementor-drop-cap-view-stacked .elementor-drop-cap{background-color:var( --e-global-color-primary );}.elementor-widget-text-editor.elementor-drop-cap-view-framed .elementor-drop-cap, .elementor-widget-text-editor.elementor-drop-cap-view-default .elementor-drop-cap{color:var( --e-global-color-primary );border-color:var( --e-global-color-primary );}.elementor-633 .elementor-element.elementor-element-d725d07{text-align:justify;font-family:var( --e-global-typography-text-font-family ), Sans-serif;font-size:var( --e-global-typography-text-font-size );font-weight:var( --e-global-typography-text-font-weight );line-height:var( --e-global-typography-text-line-height );color:var( --e-global-color-text );margin:0px 0px calc(var(--kit-widget-spacing, 0px) + 40px) 0px;width:var( --container-widget-width, 94.615% );max-width:94.615%;--container-widget-width:94.615%;--container-widget-flex-grow:0;}.elementor-633 .elementor-element.elementor-element-d725d07.elementor-element{--flex-grow:0;--flex-shrink:0;}@media(min-width:768px){.elementor-633 .elementor-element.elementor-element-7e1af0b{--content-width:1160px;}.elementor-633 .elementor-element.elementor-element-8b7d7d9{--width:32.666%;}.elementor-633 .elementor-element.elementor-element-b8b8363{--width:67%;}}@media(max-width:1024px) and (min-width:768px){.elementor-633 .elementor-element.elementor-element-b8b8363{--width:100%;}}@media(min-width:1025px){.elementor-633 .elementor-element.elementor-element-7e1af0b::before, .elementor-633 .elementor-element.elementor-element-7e1af0b > .elementor-background-video-container::before, .elementor-633 .elementor-element.elementor-element-7e1af0b > .e-con-inner > .elementor-background-video-container::before, .elementor-633 .elementor-element.elementor-element-7e1af0b > .elementor-background-slideshow::before, .elementor-633 .elementor-element.elementor-element-7e1af0b > .e-con-inner > .elementor-background-slideshow::before, .elementor-633 .elementor-element.elementor-element-7e1af0b > .elementor-motion-effects-container > .elementor-motion-effects-layer::before{background-attachment:fixed;}}@media(max-width:1024px){.elementor-633 .elementor-element.elementor-element-7e1af0b::before, .elementor-633 .elementor-element.elementor-element-7e1af0b > .elementor-background-video-container::before, .elementor-633 .elementor-element.elementor-element-7e1af0b > .e-con-inner > .elementor-background-video-container::before, .elementor-633 .elementor-element.elementor-element-7e1af0b > .elementor-background-slideshow::before, .elementor-633 .elementor-element.elementor-element-7e1af0b > .e-con-inner > .elementor-background-slideshow::before, .elementor-633 .elementor-element.elementor-element-7e1af0b > .elementor-motion-effects-container > .elementor-motion-effects-layer::before{background-position:bottom right;}.elementor-633 .elementor-element.elementor-element-7e1af0b{--padding-top:160px;--padding-bottom:0px;--padding-left:10px;--padding-right:10px;}.elementor-widget-image .widget-image-caption{font-size:var( --e-global-typography-text-font-size );line-height:var( --e-global-typography-text-line-height );}.elementor-633 .elementor-element.elementor-element-b8b8363{--margin-top:0px;--margin-bottom:100px;--margin-left:0px;--margin-right:0px;}.elementor-widget-heading .elementor-heading-title{font-size:var( --e-global-typography-primary-font-size );line-height:var( --e-global-typography-primary-line-height );}.elementor-633 .elementor-element.elementor-element-93376df .elementor-heading-title{font-size:var( --e-global-typography-primary-font-size );line-height:var( --e-global-typography-primary-line-height );}.elementor-633 .elementor-element.elementor-element-93376df{--container-widget-width:85%;--container-widget-flex-grow:0;width:var( --container-widget-width, 85% );max-width:85%;}.elementor-widget-text-editor{font-size:var( --e-global-typography-text-font-size );line-height:var( --e-global-typography-text-line-height );}.elementor-633 .elementor-element.elementor-element-d725d07{font-size:var( --e-global-typography-text-font-size );line-height:var( --e-global-typography-text-line-height );}}@media(max-width:767px){.elementor-633 .elementor-element.elementor-element-7e1af0b::before, .elementor-633 .elementor-element.elementor-element-7e1af0b > .elementor-background-video-container::before, .elementor-633 .elementor-element.elementor-element-7e1af0b > .e-con-inner > .elementor-background-video-container::before, .elementor-633 .elementor-element.elementor-element-7e1af0b > .elementor-background-slideshow::before, .elementor-633 .elementor-element.elementor-element-7e1af0b > .e-con-inner > .elementor-background-slideshow::before, .elementor-633 .elementor-element.elementor-element-7e1af0b > .elementor-motion-effects-container > .elementor-motion-effects-layer::before{background-position:center center;}.elementor-633 .elementor-element.elementor-element-7e1af0b{--padding-top:140px;--padding-bottom:0px;--padding-left:10px;--padding-right:10px;}.elementor-widget-image .widget-image-caption{font-size:var( --e-global-typography-text-font-size );line-height:var( --e-global-typography-text-line-height );}.elementor-633 .elementor-element.elementor-element-b8b8363{--margin-top:0px;--margin-bottom:80px;--margin-left:0px;--margin-right:0px;}.elementor-widget-heading .elementor-heading-title{font-size:var( --e-global-typography-primary-font-size );line-height:var( --e-global-typography-primary-line-height );}.elementor-633 .elementor-element.elementor-element-93376df .elementor-heading-title{font-size:var( --e-global-typography-primary-font-size );line-height:var( --e-global-typography-primary-line-height );}.elementor-633 .elementor-element.elementor-element-93376df{--container-widget-width:100%;--container-widget-flex-grow:0;width:var( --container-widget-width, 100% );max-width:100%;}.elementor-widget-text-editor{font-size:var( --e-global-typography-text-font-size );line-height:var( --e-global-typography-text-line-height );}.elementor-633 .elementor-element.elementor-element-d725d07{font-size:var( --e-global-typography-text-font-size );line-height:var( --e-global-typography-text-line-height );--container-widget-width:100%;--container-widget-flex-grow:0;width:var( --container-widget-width, 100% );max-width:100%;}}<\/style>\t\t<div data-elementor-type=\"wp-page\" data-elementor-id=\"633\" class=\"elementor elementor-633\">\n\t\t\t\t<div class=\"elementor-element elementor-element-7e1af0b e-flex e-con-boxed e-con e-parent\" data-id=\"7e1af0b\" data-element_type=\"container\" data-e-type=\"container\" data-settings=\"{&quot;background_background&quot;:&quot;gradient&quot;}\">\n\t\t\t\t\t<div class=\"e-con-inner\">\n\t\t<div class=\"elementor-element elementor-element-8b7d7d9 elementor-hidden-tablet elementor-hidden-mobile e-con-full e-flex e-con e-child\" data-id=\"8b7d7d9\" data-element_type=\"container\" data-e-type=\"container\">\n\t\t\t\t<div class=\"elementor-element elementor-element-24e4c62 elementor-invisible elementor-widget elementor-widget-image\" data-id=\"24e4c62\" data-element_type=\"widget\" data-e-type=\"widget\" data-settings=\"{&quot;_animation&quot;:&quot;fadeIn&quot;}\" data-widget_type=\"image.default\">\n\t\t\t\t\t\t\t\t\t\t\t\t\t\t\t<img fetchpriority=\"high\" decoding=\"async\" width=\"1018\" height=\"1400\" src=\"https:\/\/avocatludusan.ro\/wp-content\/uploads\/2026\/03\/Girl-Bust-Bronze-3-e1675753513273.png\" class=\"attachment-full size-full wp-image-310\" alt=\"\" srcset=\"https:\/\/avocatludusan.ro\/wp-content\/uploads\/2026\/03\/Girl-Bust-Bronze-3-e1675753513273.png 1018w, https:\/\/avocatludusan.ro\/wp-content\/uploads\/2026\/03\/Girl-Bust-Bronze-3-e1675753513273-218x300.png 218w, https:\/\/avocatludusan.ro\/wp-content\/uploads\/2026\/03\/Girl-Bust-Bronze-3-e1675753513273-745x1024.png 745w, https:\/\/avocatludusan.ro\/wp-content\/uploads\/2026\/03\/Girl-Bust-Bronze-3-e1675753513273-768x1056.png 768w\" sizes=\"(max-width: 1018px) 100vw, 1018px\" \/>\t\t\t\t\t\t\t\t\t\t\t\t\t\t\t<\/div>\n\t\t\t\t<\/div>\n\t\t<div class=\"elementor-element elementor-element-b8b8363 e-con-full e-flex e-con e-child\" data-id=\"b8b8363\" data-element_type=\"container\" data-e-type=\"container\">\n\t\t\t\t<div class=\"elementor-element elementor-element-93376df elementor-widget__width-initial elementor-invisible elementor-widget elementor-widget-heading\" data-id=\"93376df\" data-element_type=\"widget\" data-e-type=\"widget\" data-settings=\"{&quot;_animation&quot;:&quot;fadeIn&quot;,&quot;_animation_delay&quot;:&quot;200&quot;}\" data-widget_type=\"heading.default\">\n\t\t\t\t\t<h1 class=\"elementor-heading-title elementor-size-default\">Immigration Law<\/h1>\t\t\t\t<\/div>\n\t\t\t\t<div class=\"elementor-element elementor-element-d725d07 elementor-widget__width-initial elementor-invisible elementor-widget elementor-widget-text-editor\" data-id=\"d725d07\" data-element_type=\"widget\" data-e-type=\"widget\" data-settings=\"{&quot;_animation&quot;:&quot;fadeIn&quot;,&quot;_animation_delay&quot;:&quot;400&quot;}\" data-widget_type=\"text-editor.default\">\n\t\t\t\t\t\t\t\t\t<p>We offer legal counsel and comprehensive assistance in immigration procedures, including the procurement of work permits, long-stay visas, and residence permits for non-EU citizens. We actively support employers throughout the recruitment, hiring, and relocation process of foreign personnel, ensuring strict compliance with both immigration and employment legislation. Additionally, we represent clients before the competent authorities and provide dedicated assistance in administrative procedures such as the extension of residence rights, change of residence status, and the resolution of complex legal matters concerning employment rights and residency in Romania.<\/p>\t\t\t\t\t\t\t\t<\/div>\n\t\t\t\t<\/div>\n\t\t\t\t\t<\/div>\n\t\t\t\t<\/div>\n\t\t\t\t<\/div>\n\t\t\n    <div class=\"xs_social_share_widget xs_share_url after_content \t\tmain_content  wslu-style-1 wslu-share-box-shaped wslu-fill-colored wslu-none wslu-share-horizontal wslu-theme-font-no wslu-main_content\">\n\n\t\t\n        <ul>\n\t\t\t        <\/ul>\n    <\/div>","protected":false},"excerpt":{"rendered":"<p>Dreptul imigr\u0103rilor Oferim consultan\u021b\u0103 juridic\u0103 \u0219i asisten\u021b\u0103 complet\u0103 \u00een procedurile de imigrare, inclusiv pentru ob\u021binerea avizelor de munc\u0103, a vizelor de lung\u0103 \u0219edere \u0219i a permiselor de \u0219edere pentru cet\u0103\u021benii din afara Uniunii Europene. Sprijinim angajatorii \u00een procesul de recrutare, angajare \u0219i relocare a personalului str\u0103in, asigur\u00e2nd conformitatea cu legisla\u021bia privind imigrarea \u0219i dreptul muncii. [&hellip;]<\/p>\n","protected":false},"author":1,"featured_media":0,"parent":0,"menu_order":0,"comment_status":"closed","ping_status":"closed","template":"","meta":{"postBodyCss":"","postBodyMargin":[],"postBodyPadding":[],"postBodyBackground":{"backgroundType":"classic","gradient":""},"footnotes":""},"class_list":["post-633","page","type-page","status-publish","hentry"],"_links":{"self":[{"href":"https:\/\/avocatludusan.ro\/en\/wp-json\/wp\/v2\/pages\/633","targetHints":{"allow":["GET"]}}],"collection":[{"href":"https:\/\/avocatludusan.ro\/en\/wp-json\/wp\/v2\/pages"}],"about":[{"href":"https:\/\/avocatludusan.ro\/en\/wp-json\/wp\/v2\/types\/page"}],"author":[{"embeddable":true,"href":"https:\/\/avocatludusan.ro\/en\/wp-json\/wp\/v2\/users\/1"}],"replies":[{"embeddable":true,"href":"https:\/\/avocatludusan.ro\/en\/wp-json\/wp\/v2\/comments?post=633"}],"version-history":[{"count":4,"href":"https:\/\/avocatludusan.ro\/en\/wp-json\/wp\/v2\/pages\/633\/revisions"}],"predecessor-version":[{"id":637,"href":"https:\/\/avocatludusan.ro\/en\/wp-json\/wp\/v2\/pages\/633\/revisions\/637"}],"wp:attachment":[{"href":"https:\/\/avocatludusan.ro\/en\/wp-json\/wp\/v2\/media?parent=633"}],"curies":[{"name":"wp","href":"https:\/\/api.w.org\/{rel}","templated":true}]}}