{"id":644,"date":"2026-03-12T20:44:30","date_gmt":"2026-03-12T18:44:30","guid":{"rendered":"https:\/\/avocatludusan.ro\/?page_id=644"},"modified":"2026-03-12T20:45:23","modified_gmt":"2026-03-12T18:45:23","slug":"dreptul-energiei","status":"publish","type":"page","link":"https:\/\/avocatludusan.ro\/en\/dreptul-energiei\/","title":{"rendered":"Energy Law"},"content":{"rendered":"<style>.elementor-644 .elementor-element.elementor-element-e7d5d0a{--display:flex;--flex-direction:row;--container-widget-width:calc( ( 1 - var( --container-widget-flex-grow ) ) * 100% );--container-widget-height:100%;--container-widget-flex-grow:1;--container-widget-align-self:stretch;--flex-wrap-mobile:wrap;--align-items:stretch;--gap:10px 10px;--row-gap:10px;--column-gap:10px;--overlay-opacity:0.8;--margin-top:0px;--margin-bottom:0px;--margin-left:0px;--margin-right:0px;--padding-top:170px;--padding-bottom:0px;--padding-left:0px;--padding-right:0px;--z-index:20;}.elementor-644 .elementor-element.elementor-element-e7d5d0a:not(.elementor-motion-effects-element-type-background), .elementor-644 .elementor-element.elementor-element-e7d5d0a > .elementor-motion-effects-container > .elementor-motion-effects-layer{background-color:transparent;background-image:linear-gradient(0deg, var( --e-global-color-secondary ) 0%, var( --e-global-color-primary ) 100%);}.elementor-644 .elementor-element.elementor-element-e7d5d0a::before, .elementor-644 .elementor-element.elementor-element-e7d5d0a > .elementor-background-video-container::before, .elementor-644 .elementor-element.elementor-element-e7d5d0a > .e-con-inner > .elementor-background-video-container::before, .elementor-644 .elementor-element.elementor-element-e7d5d0a > .elementor-background-slideshow::before, .elementor-644 .elementor-element.elementor-element-e7d5d0a > .e-con-inner > .elementor-background-slideshow::before, .elementor-644 .elementor-element.elementor-element-e7d5d0a > .elementor-motion-effects-container > .elementor-motion-effects-layer::before{--background-overlay:'';background-image:url(\"https:\/\/avocatludusan.ro\/wp-content\/uploads\/2026\/03\/lawyer-and-legal-firm-bg-logo-legalix-e1675388608458-1.png\");background-position:bottom left;background-repeat:no-repeat;background-size:cover;}.elementor-644 .elementor-element.elementor-element-5708a96{--display:flex;--justify-content:flex-end;--margin-top:0px;--margin-bottom:0px;--margin-left:0px;--margin-right:0px;}.elementor-widget-image .widget-image-caption{color:var( --e-global-color-text );font-family:var( --e-global-typography-text-font-family ), Sans-serif;font-size:var( --e-global-typography-text-font-size );font-weight:var( --e-global-typography-text-font-weight );line-height:var( --e-global-typography-text-line-height );}.elementor-644 .elementor-element.elementor-element-c2e8e3b{text-align:start;margin:0px -20px calc(var(--kit-widget-spacing, 0px) + -120px) -60px;}.elementor-644 .elementor-element.elementor-element-c2e8e3b img{width:100%;}.elementor-644 .elementor-element.elementor-element-52fd03c{--display:flex;--justify-content:center;--margin-top:0px;--margin-bottom:120px;--margin-left:50px;--margin-right:0px;}.elementor-widget-heading .elementor-heading-title{font-family:var( --e-global-typography-primary-font-family ), Sans-serif;font-size:var( --e-global-typography-primary-font-size );font-weight:var( --e-global-typography-primary-font-weight );line-height:var( --e-global-typography-primary-line-height );color:var( --e-global-color-primary );}.elementor-644 .elementor-element.elementor-element-6a3d4db{text-align:start;margin:0px 0px calc(var(--kit-widget-spacing, 0px) + 20px) 0px;width:var( --container-widget-width, 100% );max-width:100%;--container-widget-width:100%;--container-widget-flex-grow:0;}.elementor-644 .elementor-element.elementor-element-6a3d4db .elementor-heading-title{font-family:var( --e-global-typography-primary-font-family ), Sans-serif;font-size:var( --e-global-typography-primary-font-size );font-weight:var( --e-global-typography-primary-font-weight );line-height:var( --e-global-typography-primary-line-height );color:#FFFFFF;}.elementor-widget-text-editor{font-family:var( --e-global-typography-text-font-family ), Sans-serif;font-size:var( --e-global-typography-text-font-size );font-weight:var( --e-global-typography-text-font-weight );line-height:var( --e-global-typography-text-line-height );color:var( --e-global-color-text );}.elementor-widget-text-editor.elementor-drop-cap-view-stacked .elementor-drop-cap{background-color:var( --e-global-color-primary );}.elementor-widget-text-editor.elementor-drop-cap-view-framed .elementor-drop-cap, .elementor-widget-text-editor.elementor-drop-cap-view-default .elementor-drop-cap{color:var( --e-global-color-primary );border-color:var( --e-global-color-primary );}.elementor-644 .elementor-element.elementor-element-1a55e82{text-align:justify;font-family:var( --e-global-typography-text-font-family ), Sans-serif;font-size:var( --e-global-typography-text-font-size );font-weight:var( --e-global-typography-text-font-weight );line-height:var( --e-global-typography-text-line-height );color:var( --e-global-color-text );margin:0px 0px calc(var(--kit-widget-spacing, 0px) + 40px) 0px;width:var( --container-widget-width, 94.615% );max-width:94.615%;--container-widget-width:94.615%;--container-widget-flex-grow:0;}.elementor-644 .elementor-element.elementor-element-1a55e82.elementor-element{--flex-grow:0;--flex-shrink:0;}@media(min-width:768px){.elementor-644 .elementor-element.elementor-element-e7d5d0a{--content-width:1160px;}.elementor-644 .elementor-element.elementor-element-5708a96{--width:32.666%;}.elementor-644 .elementor-element.elementor-element-52fd03c{--width:67%;}}@media(max-width:1024px) and (min-width:768px){.elementor-644 .elementor-element.elementor-element-52fd03c{--width:100%;}}@media(min-width:1025px){.elementor-644 .elementor-element.elementor-element-e7d5d0a::before, .elementor-644 .elementor-element.elementor-element-e7d5d0a > .elementor-background-video-container::before, .elementor-644 .elementor-element.elementor-element-e7d5d0a > .e-con-inner > .elementor-background-video-container::before, .elementor-644 .elementor-element.elementor-element-e7d5d0a > .elementor-background-slideshow::before, .elementor-644 .elementor-element.elementor-element-e7d5d0a > .e-con-inner > .elementor-background-slideshow::before, .elementor-644 .elementor-element.elementor-element-e7d5d0a > .elementor-motion-effects-container > .elementor-motion-effects-layer::before{background-attachment:fixed;}}@media(max-width:1024px){.elementor-644 .elementor-element.elementor-element-e7d5d0a::before, .elementor-644 .elementor-element.elementor-element-e7d5d0a > .elementor-background-video-container::before, .elementor-644 .elementor-element.elementor-element-e7d5d0a > .e-con-inner > .elementor-background-video-container::before, .elementor-644 .elementor-element.elementor-element-e7d5d0a > .elementor-background-slideshow::before, .elementor-644 .elementor-element.elementor-element-e7d5d0a > .e-con-inner > .elementor-background-slideshow::before, .elementor-644 .elementor-element.elementor-element-e7d5d0a > .elementor-motion-effects-container > .elementor-motion-effects-layer::before{background-position:bottom right;}.elementor-644 .elementor-element.elementor-element-e7d5d0a{--padding-top:160px;--padding-bottom:0px;--padding-left:10px;--padding-right:10px;}.elementor-widget-image .widget-image-caption{font-size:var( --e-global-typography-text-font-size );line-height:var( --e-global-typography-text-line-height );}.elementor-644 .elementor-element.elementor-element-52fd03c{--margin-top:0px;--margin-bottom:100px;--margin-left:0px;--margin-right:0px;}.elementor-widget-heading .elementor-heading-title{font-size:var( --e-global-typography-primary-font-size );line-height:var( --e-global-typography-primary-line-height );}.elementor-644 .elementor-element.elementor-element-6a3d4db .elementor-heading-title{font-size:var( --e-global-typography-primary-font-size );line-height:var( --e-global-typography-primary-line-height );}.elementor-644 .elementor-element.elementor-element-6a3d4db{--container-widget-width:85%;--container-widget-flex-grow:0;width:var( --container-widget-width, 85% );max-width:85%;}.elementor-widget-text-editor{font-size:var( --e-global-typography-text-font-size );line-height:var( --e-global-typography-text-line-height );}.elementor-644 .elementor-element.elementor-element-1a55e82{font-size:var( --e-global-typography-text-font-size );line-height:var( --e-global-typography-text-line-height );}}@media(max-width:767px){.elementor-644 .elementor-element.elementor-element-e7d5d0a::before, .elementor-644 .elementor-element.elementor-element-e7d5d0a > .elementor-background-video-container::before, .elementor-644 .elementor-element.elementor-element-e7d5d0a > .e-con-inner > .elementor-background-video-container::before, .elementor-644 .elementor-element.elementor-element-e7d5d0a > .elementor-background-slideshow::before, .elementor-644 .elementor-element.elementor-element-e7d5d0a > .e-con-inner > .elementor-background-slideshow::before, .elementor-644 .elementor-element.elementor-element-e7d5d0a > .elementor-motion-effects-container > .elementor-motion-effects-layer::before{background-position:center center;}.elementor-644 .elementor-element.elementor-element-e7d5d0a{--padding-top:140px;--padding-bottom:0px;--padding-left:10px;--padding-right:10px;}.elementor-widget-image .widget-image-caption{font-size:var( --e-global-typography-text-font-size );line-height:var( --e-global-typography-text-line-height );}.elementor-644 .elementor-element.elementor-element-52fd03c{--margin-top:0px;--margin-bottom:80px;--margin-left:0px;--margin-right:0px;}.elementor-widget-heading .elementor-heading-title{font-size:var( --e-global-typography-primary-font-size );line-height:var( --e-global-typography-primary-line-height );}.elementor-644 .elementor-element.elementor-element-6a3d4db .elementor-heading-title{font-size:var( --e-global-typography-primary-font-size );line-height:var( --e-global-typography-primary-line-height );}.elementor-644 .elementor-element.elementor-element-6a3d4db{--container-widget-width:100%;--container-widget-flex-grow:0;width:var( --container-widget-width, 100% );max-width:100%;}.elementor-widget-text-editor{font-size:var( --e-global-typography-text-font-size );line-height:var( --e-global-typography-text-line-height );}.elementor-644 .elementor-element.elementor-element-1a55e82{font-size:var( --e-global-typography-text-font-size );line-height:var( --e-global-typography-text-line-height );--container-widget-width:100%;--container-widget-flex-grow:0;width:var( --container-widget-width, 100% );max-width:100%;}}<\/style>\t\t<div data-elementor-type=\"wp-page\" data-elementor-id=\"644\" class=\"elementor elementor-644\">\n\t\t\t\t<div class=\"elementor-element elementor-element-e7d5d0a e-flex e-con-boxed e-con e-parent\" data-id=\"e7d5d0a\" data-element_type=\"container\" data-e-type=\"container\" data-settings=\"{&quot;background_background&quot;:&quot;gradient&quot;}\">\n\t\t\t\t\t<div class=\"e-con-inner\">\n\t\t<div class=\"elementor-element elementor-element-5708a96 elementor-hidden-tablet elementor-hidden-mobile e-con-full e-flex e-con e-child\" data-id=\"5708a96\" data-element_type=\"container\" data-e-type=\"container\">\n\t\t\t\t<div class=\"elementor-element elementor-element-c2e8e3b elementor-invisible elementor-widget elementor-widget-image\" data-id=\"c2e8e3b\" data-element_type=\"widget\" data-e-type=\"widget\" data-settings=\"{&quot;_animation&quot;:&quot;fadeIn&quot;}\" data-widget_type=\"image.default\">\n\t\t\t\t\t\t\t\t\t\t\t\t\t\t\t<img fetchpriority=\"high\" decoding=\"async\" width=\"1018\" height=\"1400\" src=\"https:\/\/avocatludusan.ro\/wp-content\/uploads\/2026\/03\/Girl-Bust-Bronze-3-e1675753513273.png\" class=\"attachment-full size-full wp-image-310\" alt=\"\" srcset=\"https:\/\/avocatludusan.ro\/wp-content\/uploads\/2026\/03\/Girl-Bust-Bronze-3-e1675753513273.png 1018w, https:\/\/avocatludusan.ro\/wp-content\/uploads\/2026\/03\/Girl-Bust-Bronze-3-e1675753513273-218x300.png 218w, https:\/\/avocatludusan.ro\/wp-content\/uploads\/2026\/03\/Girl-Bust-Bronze-3-e1675753513273-745x1024.png 745w, https:\/\/avocatludusan.ro\/wp-content\/uploads\/2026\/03\/Girl-Bust-Bronze-3-e1675753513273-768x1056.png 768w\" sizes=\"(max-width: 1018px) 100vw, 1018px\" \/>\t\t\t\t\t\t\t\t\t\t\t\t\t\t\t<\/div>\n\t\t\t\t<\/div>\n\t\t<div class=\"elementor-element elementor-element-52fd03c e-con-full e-flex e-con e-child\" data-id=\"52fd03c\" data-element_type=\"container\" data-e-type=\"container\">\n\t\t\t\t<div class=\"elementor-element elementor-element-6a3d4db elementor-widget__width-initial elementor-invisible elementor-widget elementor-widget-heading\" data-id=\"6a3d4db\" data-element_type=\"widget\" data-e-type=\"widget\" data-settings=\"{&quot;_animation&quot;:&quot;fadeIn&quot;,&quot;_animation_delay&quot;:&quot;200&quot;}\" data-widget_type=\"heading.default\">\n\t\t\t\t\t<h1 class=\"elementor-heading-title elementor-size-default\">Energy Law<\/h1>\t\t\t\t<\/div>\n\t\t\t\t<div class=\"elementor-element elementor-element-1a55e82 elementor-widget__width-initial elementor-invisible elementor-widget elementor-widget-text-editor\" data-id=\"1a55e82\" data-element_type=\"widget\" data-e-type=\"widget\" data-settings=\"{&quot;_animation&quot;:&quot;fadeIn&quot;,&quot;_animation_delay&quot;:&quot;400&quot;}\" data-widget_type=\"text-editor.default\">\n\t\t\t\t\t\t\t\t\t<p>We provide comprehensive legal counsel in the energy sector, including the interpretation and application of industry-specific legislation. We assist clients in negotiating, drafting, and analyzing contracts with electricity and natural gas suppliers, as well as in evaluating contractual obligations and mitigating associated legal risks. Furthermore, we offer strategic support in dealings with regulatory authorities, during administrative procedures, and in the resolution of disputes arising from the execution of contracts or operational activities within the energy sector.<\/p>\t\t\t\t\t\t\t\t<\/div>\n\t\t\t\t<\/div>\n\t\t\t\t\t<\/div>\n\t\t\t\t<\/div>\n\t\t\t\t<\/div>\n\t\t\n    <div class=\"xs_social_share_widget xs_share_url after_content \t\tmain_content  wslu-style-1 wslu-share-box-shaped wslu-fill-colored wslu-none wslu-share-horizontal wslu-theme-font-no wslu-main_content\">\n\n\t\t\n        <ul>\n\t\t\t        <\/ul>\n    <\/div>","protected":false},"excerpt":{"rendered":"<p>Dreptul energiei Oferim consultan\u021b\u0103 juridic\u0103 \u00een domeniul energiei, inclusiv \u00een interpretarea \u0219i aplicarea legisla\u021biei specifice sectorului energetic. Asist\u0103m clien\u021bii \u00een negocierea, redactarea \u0219i analizarea contractelor cu furnizori de energie electric\u0103 \u0219i gaze naturale, precum \u0219i \u00een evaluarea obliga\u021biilor contractuale \u0219i gestionarea riscurilor juridice asociate. De asemenea, oferim suport \u00een rela\u021bia cu autorit\u0103\u021bile de reglementare, \u00een [&hellip;]<\/p>\n","protected":false},"author":1,"featured_media":0,"parent":0,"menu_order":0,"comment_status":"closed","ping_status":"closed","template":"","meta":{"postBodyCss":"","postBodyMargin":[],"postBodyPadding":[],"postBodyBackground":{"backgroundType":"classic","gradient":""},"footnotes":""},"class_list":["post-644","page","type-page","status-publish","hentry"],"_links":{"self":[{"href":"https:\/\/avocatludusan.ro\/en\/wp-json\/wp\/v2\/pages\/644","targetHints":{"allow":["GET"]}}],"collection":[{"href":"https:\/\/avocatludusan.ro\/en\/wp-json\/wp\/v2\/pages"}],"about":[{"href":"https:\/\/avocatludusan.ro\/en\/wp-json\/wp\/v2\/types\/page"}],"author":[{"embeddable":true,"href":"https:\/\/avocatludusan.ro\/en\/wp-json\/wp\/v2\/users\/1"}],"replies":[{"embeddable":true,"href":"https:\/\/avocatludusan.ro\/en\/wp-json\/wp\/v2\/comments?post=644"}],"version-history":[{"count":4,"href":"https:\/\/avocatludusan.ro\/en\/wp-json\/wp\/v2\/pages\/644\/revisions"}],"predecessor-version":[{"id":648,"href":"https:\/\/avocatludusan.ro\/en\/wp-json\/wp\/v2\/pages\/644\/revisions\/648"}],"wp:attachment":[{"href":"https:\/\/avocatludusan.ro\/en\/wp-json\/wp\/v2\/media?parent=644"}],"curies":[{"name":"wp","href":"https:\/\/api.w.org\/{rel}","templated":true}]}}