{"id":666,"date":"2026-03-12T20:53:20","date_gmt":"2026-03-12T18:53:20","guid":{"rendered":"https:\/\/avocatludusan.ro\/?page_id=666"},"modified":"2026-03-12T22:23:14","modified_gmt":"2026-03-12T20:23:14","slug":"managementul-controalelor-oficiale","status":"publish","type":"page","link":"https:\/\/avocatludusan.ro\/en\/managementul-controalelor-oficiale\/","title":{"rendered":"Management of Regulatory Inspections"},"content":{"rendered":"<style>.elementor-666 .elementor-element.elementor-element-ce2e914{--display:flex;--flex-direction:row;--container-widget-width:calc( ( 1 - var( --container-widget-flex-grow ) ) * 100% );--container-widget-height:100%;--container-widget-flex-grow:1;--container-widget-align-self:stretch;--flex-wrap-mobile:wrap;--align-items:stretch;--gap:10px 10px;--row-gap:10px;--column-gap:10px;--overlay-opacity:0.8;--margin-top:0px;--margin-bottom:0px;--margin-left:0px;--margin-right:0px;--padding-top:170px;--padding-bottom:0px;--padding-left:0px;--padding-right:0px;--z-index:20;}.elementor-666 .elementor-element.elementor-element-ce2e914:not(.elementor-motion-effects-element-type-background), .elementor-666 .elementor-element.elementor-element-ce2e914 > .elementor-motion-effects-container > .elementor-motion-effects-layer{background-color:transparent;background-image:linear-gradient(0deg, var( --e-global-color-secondary ) 0%, var( --e-global-color-primary ) 100%);}.elementor-666 .elementor-element.elementor-element-ce2e914::before, .elementor-666 .elementor-element.elementor-element-ce2e914 > .elementor-background-video-container::before, .elementor-666 .elementor-element.elementor-element-ce2e914 > .e-con-inner > .elementor-background-video-container::before, .elementor-666 .elementor-element.elementor-element-ce2e914 > .elementor-background-slideshow::before, .elementor-666 .elementor-element.elementor-element-ce2e914 > .e-con-inner > .elementor-background-slideshow::before, .elementor-666 .elementor-element.elementor-element-ce2e914 > .elementor-motion-effects-container > .elementor-motion-effects-layer::before{--background-overlay:'';background-image:url(\"https:\/\/avocatludusan.ro\/wp-content\/uploads\/2026\/03\/lawyer-and-legal-firm-bg-logo-legalix-e1675388608458-1.png\");background-position:bottom left;background-repeat:no-repeat;background-size:cover;}.elementor-666 .elementor-element.elementor-element-4720a05{--display:flex;--justify-content:flex-end;--margin-top:0px;--margin-bottom:0px;--margin-left:0px;--margin-right:0px;}.elementor-widget-image .widget-image-caption{color:var( --e-global-color-text );font-family:var( --e-global-typography-text-font-family ), Sans-serif;font-size:var( --e-global-typography-text-font-size );font-weight:var( --e-global-typography-text-font-weight );line-height:var( --e-global-typography-text-line-height );}.elementor-666 .elementor-element.elementor-element-38e9a98{text-align:start;margin:0px -20px calc(var(--kit-widget-spacing, 0px) + -120px) -60px;}.elementor-666 .elementor-element.elementor-element-38e9a98 img{width:100%;}.elementor-666 .elementor-element.elementor-element-724582f{--display:flex;--justify-content:center;--margin-top:0px;--margin-bottom:120px;--margin-left:50px;--margin-right:0px;}.elementor-widget-heading .elementor-heading-title{font-family:var( --e-global-typography-primary-font-family ), Sans-serif;font-size:var( --e-global-typography-primary-font-size );font-weight:var( --e-global-typography-primary-font-weight );line-height:var( --e-global-typography-primary-line-height );color:var( --e-global-color-primary );}.elementor-666 .elementor-element.elementor-element-4644c99{text-align:start;margin:0px 0px calc(var(--kit-widget-spacing, 0px) + 20px) 0px;width:var( --container-widget-width, 150% );max-width:150%;--container-widget-width:150%;--container-widget-flex-grow:0;}.elementor-666 .elementor-element.elementor-element-4644c99 .elementor-heading-title{font-family:\"Cormorant Infant\", Sans-serif;font-size:44px;font-weight:600;line-height:1.1em;color:#FFFFFF;}.elementor-widget-text-editor{font-family:var( --e-global-typography-text-font-family ), Sans-serif;font-size:var( --e-global-typography-text-font-size );font-weight:var( --e-global-typography-text-font-weight );line-height:var( --e-global-typography-text-line-height );color:var( --e-global-color-text );}.elementor-widget-text-editor.elementor-drop-cap-view-stacked .elementor-drop-cap{background-color:var( --e-global-color-primary );}.elementor-widget-text-editor.elementor-drop-cap-view-framed .elementor-drop-cap, .elementor-widget-text-editor.elementor-drop-cap-view-default .elementor-drop-cap{color:var( --e-global-color-primary );border-color:var( --e-global-color-primary );}.elementor-666 .elementor-element.elementor-element-0238125{text-align:justify;font-family:var( --e-global-typography-text-font-family ), Sans-serif;font-size:var( --e-global-typography-text-font-size );font-weight:var( --e-global-typography-text-font-weight );line-height:var( --e-global-typography-text-line-height );color:var( --e-global-color-text );margin:0px 0px calc(var(--kit-widget-spacing, 0px) + 40px) 0px;width:var( --container-widget-width, 94.615% );max-width:94.615%;--container-widget-width:94.615%;--container-widget-flex-grow:0;}.elementor-666 .elementor-element.elementor-element-0238125.elementor-element{--flex-grow:0;--flex-shrink:0;}@media(min-width:768px){.elementor-666 .elementor-element.elementor-element-ce2e914{--content-width:1160px;}.elementor-666 .elementor-element.elementor-element-4720a05{--width:32.666%;}.elementor-666 .elementor-element.elementor-element-724582f{--width:67%;}}@media(max-width:1024px) and (min-width:768px){.elementor-666 .elementor-element.elementor-element-724582f{--width:100%;}}@media(min-width:1025px){.elementor-666 .elementor-element.elementor-element-ce2e914::before, .elementor-666 .elementor-element.elementor-element-ce2e914 > .elementor-background-video-container::before, .elementor-666 .elementor-element.elementor-element-ce2e914 > .e-con-inner > .elementor-background-video-container::before, .elementor-666 .elementor-element.elementor-element-ce2e914 > .elementor-background-slideshow::before, .elementor-666 .elementor-element.elementor-element-ce2e914 > .e-con-inner > .elementor-background-slideshow::before, .elementor-666 .elementor-element.elementor-element-ce2e914 > .elementor-motion-effects-container > .elementor-motion-effects-layer::before{background-attachment:fixed;}}@media(max-width:1024px){.elementor-666 .elementor-element.elementor-element-ce2e914::before, .elementor-666 .elementor-element.elementor-element-ce2e914 > .elementor-background-video-container::before, .elementor-666 .elementor-element.elementor-element-ce2e914 > .e-con-inner > .elementor-background-video-container::before, .elementor-666 .elementor-element.elementor-element-ce2e914 > .elementor-background-slideshow::before, .elementor-666 .elementor-element.elementor-element-ce2e914 > .e-con-inner > .elementor-background-slideshow::before, .elementor-666 .elementor-element.elementor-element-ce2e914 > .elementor-motion-effects-container > .elementor-motion-effects-layer::before{background-position:bottom right;}.elementor-666 .elementor-element.elementor-element-ce2e914{--padding-top:160px;--padding-bottom:0px;--padding-left:10px;--padding-right:10px;}.elementor-widget-image .widget-image-caption{font-size:var( --e-global-typography-text-font-size );line-height:var( --e-global-typography-text-line-height );}.elementor-666 .elementor-element.elementor-element-724582f{--margin-top:0px;--margin-bottom:100px;--margin-left:0px;--margin-right:0px;}.elementor-widget-heading .elementor-heading-title{font-size:var( --e-global-typography-primary-font-size );line-height:var( --e-global-typography-primary-line-height );}.elementor-666 .elementor-element.elementor-element-4644c99{--container-widget-width:85%;--container-widget-flex-grow:0;width:var( --container-widget-width, 85% );max-width:85%;}.elementor-widget-text-editor{font-size:var( --e-global-typography-text-font-size );line-height:var( --e-global-typography-text-line-height );}.elementor-666 .elementor-element.elementor-element-0238125{font-size:var( --e-global-typography-text-font-size );line-height:var( --e-global-typography-text-line-height );}}@media(max-width:767px){.elementor-666 .elementor-element.elementor-element-ce2e914::before, .elementor-666 .elementor-element.elementor-element-ce2e914 > .elementor-background-video-container::before, .elementor-666 .elementor-element.elementor-element-ce2e914 > .e-con-inner > .elementor-background-video-container::before, .elementor-666 .elementor-element.elementor-element-ce2e914 > .elementor-background-slideshow::before, .elementor-666 .elementor-element.elementor-element-ce2e914 > .e-con-inner > .elementor-background-slideshow::before, .elementor-666 .elementor-element.elementor-element-ce2e914 > .elementor-motion-effects-container > .elementor-motion-effects-layer::before{background-position:center center;}.elementor-666 .elementor-element.elementor-element-ce2e914{--padding-top:140px;--padding-bottom:0px;--padding-left:10px;--padding-right:10px;}.elementor-widget-image .widget-image-caption{font-size:var( --e-global-typography-text-font-size );line-height:var( --e-global-typography-text-line-height );}.elementor-666 .elementor-element.elementor-element-724582f{--margin-top:0px;--margin-bottom:80px;--margin-left:0px;--margin-right:0px;}.elementor-widget-heading .elementor-heading-title{font-size:var( --e-global-typography-primary-font-size );line-height:var( --e-global-typography-primary-line-height );}.elementor-666 .elementor-element.elementor-element-4644c99{--container-widget-width:100%;--container-widget-flex-grow:0;width:var( --container-widget-width, 100% );max-width:100%;}.elementor-widget-text-editor{font-size:var( --e-global-typography-text-font-size );line-height:var( --e-global-typography-text-line-height );}.elementor-666 .elementor-element.elementor-element-0238125{font-size:var( --e-global-typography-text-font-size );line-height:var( --e-global-typography-text-line-height );--container-widget-width:100%;--container-widget-flex-grow:0;width:var( --container-widget-width, 100% );max-width:100%;}}<\/style>\t\t<div data-elementor-type=\"wp-page\" data-elementor-id=\"666\" class=\"elementor elementor-666\">\n\t\t\t\t<div class=\"elementor-element elementor-element-ce2e914 e-flex e-con-boxed e-con e-parent\" data-id=\"ce2e914\" data-element_type=\"container\" data-e-type=\"container\" data-settings=\"{&quot;background_background&quot;:&quot;gradient&quot;}\">\n\t\t\t\t\t<div class=\"e-con-inner\">\n\t\t<div class=\"elementor-element elementor-element-4720a05 elementor-hidden-tablet elementor-hidden-mobile e-con-full e-flex e-con e-child\" data-id=\"4720a05\" data-element_type=\"container\" data-e-type=\"container\">\n\t\t\t\t<div class=\"elementor-element elementor-element-38e9a98 elementor-invisible elementor-widget elementor-widget-image\" data-id=\"38e9a98\" data-element_type=\"widget\" data-e-type=\"widget\" data-settings=\"{&quot;_animation&quot;:&quot;fadeIn&quot;}\" data-widget_type=\"image.default\">\n\t\t\t\t\t\t\t\t\t\t\t\t\t\t\t<img fetchpriority=\"high\" decoding=\"async\" width=\"1018\" height=\"1400\" src=\"https:\/\/avocatludusan.ro\/wp-content\/uploads\/2026\/03\/Girl-Bust-Bronze-3-e1675753513273.png\" class=\"attachment-full size-full wp-image-310\" alt=\"\" srcset=\"https:\/\/avocatludusan.ro\/wp-content\/uploads\/2026\/03\/Girl-Bust-Bronze-3-e1675753513273.png 1018w, https:\/\/avocatludusan.ro\/wp-content\/uploads\/2026\/03\/Girl-Bust-Bronze-3-e1675753513273-218x300.png 218w, https:\/\/avocatludusan.ro\/wp-content\/uploads\/2026\/03\/Girl-Bust-Bronze-3-e1675753513273-745x1024.png 745w, https:\/\/avocatludusan.ro\/wp-content\/uploads\/2026\/03\/Girl-Bust-Bronze-3-e1675753513273-768x1056.png 768w\" sizes=\"(max-width: 1018px) 100vw, 1018px\" \/>\t\t\t\t\t\t\t\t\t\t\t\t\t\t\t<\/div>\n\t\t\t\t<\/div>\n\t\t<div class=\"elementor-element elementor-element-724582f e-con-full e-flex e-con e-child\" data-id=\"724582f\" data-element_type=\"container\" data-e-type=\"container\">\n\t\t\t\t<div class=\"elementor-element elementor-element-4644c99 elementor-widget__width-initial elementor-invisible elementor-widget elementor-widget-heading\" data-id=\"4644c99\" data-element_type=\"widget\" data-e-type=\"widget\" data-settings=\"{&quot;_animation&quot;:&quot;fadeIn&quot;,&quot;_animation_delay&quot;:&quot;200&quot;}\" data-widget_type=\"heading.default\">\n\t\t\t\t\t<h1 class=\"elementor-heading-title elementor-size-default\">Management of Regulatory Inspections<\/h1>\t\t\t\t<\/div>\n\t\t\t\t<div class=\"elementor-element elementor-element-0238125 elementor-widget__width-initial elementor-invisible elementor-widget elementor-widget-text-editor\" data-id=\"0238125\" data-element_type=\"widget\" data-e-type=\"widget\" data-settings=\"{&quot;_animation&quot;:&quot;fadeIn&quot;,&quot;_animation_delay&quot;:&quot;400&quot;}\" data-widget_type=\"text-editor.default\">\n\t\t\t\t\t\t\t\t\t<p>We provide legal counsel and strategic support in managing audits and inspections conducted by regulatory authorities, such as the Territorial Labor Inspectorate (ITM), the National Agency for Fiscal Administration (ANAF), the General Inspectorate for Emergency Situations (ISU), and other enforcement agencies. We proactively prepare organizations through internal audits, mock inspections (dawn raid simulations), and specialized staff training, ensuring that internal teams are fully equipped to appropriately manage interactions with authorities and mitigate the risk of sanctions. We deliver comprehensive legal assistance for the duration of the inspections, including on-site presence, as well as in subsequent stages by formulating official legal standpoints, challenging control acts and sanctions, and providing representation in any ensuing litigation.<\/p>\t\t\t\t\t\t\t\t<\/div>\n\t\t\t\t<\/div>\n\t\t\t\t\t<\/div>\n\t\t\t\t<\/div>\n\t\t\t\t<\/div>\n\t\t\n    <div class=\"xs_social_share_widget xs_share_url after_content \t\tmain_content  wslu-style-1 wslu-share-box-shaped wslu-fill-colored wslu-none wslu-share-horizontal wslu-theme-font-no wslu-main_content\">\n\n\t\t\n        <ul>\n\t\t\t        <\/ul>\n    <\/div>","protected":false},"excerpt":{"rendered":"<p>Managementul controalelor oficiale Oferim consultan\u021b\u0103 juridic\u0103 \u0219i suport strategic \u00een gestionarea controalelor efectuate de autorit\u0103\u021bi precum ITM, ANAF, ISU sau alte institu\u021bii cu atribu\u021bii de control. Preg\u0103tim organiza\u021biile prin audituri interne, simul\u0103ri de inspec\u021bii \u0219i instruirea personalului, astfel \u00eenc\u00e2t echipele s\u0103 fie preg\u0103tite s\u0103 gestioneze corect interac\u021biunea cu autorit\u0103\u021bile \u0219i s\u0103 reduc\u0103 riscurile de sanc\u021biuni. [&hellip;]<\/p>\n","protected":false},"author":1,"featured_media":0,"parent":0,"menu_order":0,"comment_status":"closed","ping_status":"closed","template":"","meta":{"postBodyCss":"","postBodyMargin":[],"postBodyPadding":[],"postBodyBackground":{"backgroundType":"classic","gradient":""},"footnotes":""},"class_list":["post-666","page","type-page","status-publish","hentry"],"_links":{"self":[{"href":"https:\/\/avocatludusan.ro\/en\/wp-json\/wp\/v2\/pages\/666","targetHints":{"allow":["GET"]}}],"collection":[{"href":"https:\/\/avocatludusan.ro\/en\/wp-json\/wp\/v2\/pages"}],"about":[{"href":"https:\/\/avocatludusan.ro\/en\/wp-json\/wp\/v2\/types\/page"}],"author":[{"embeddable":true,"href":"https:\/\/avocatludusan.ro\/en\/wp-json\/wp\/v2\/users\/1"}],"replies":[{"embeddable":true,"href":"https:\/\/avocatludusan.ro\/en\/wp-json\/wp\/v2\/comments?post=666"}],"version-history":[{"count":7,"href":"https:\/\/avocatludusan.ro\/en\/wp-json\/wp\/v2\/pages\/666\/revisions"}],"predecessor-version":[{"id":722,"href":"https:\/\/avocatludusan.ro\/en\/wp-json\/wp\/v2\/pages\/666\/revisions\/722"}],"wp:attachment":[{"href":"https:\/\/avocatludusan.ro\/en\/wp-json\/wp\/v2\/media?parent=666"}],"curies":[{"name":"wp","href":"https:\/\/api.w.org\/{rel}","templated":true}]}}