{"id":800,"date":"2026-03-13T08:41:59","date_gmt":"2026-03-13T06:41:59","guid":{"rendered":"https:\/\/avocatludusan.ro\/?page_id=800"},"modified":"2026-03-13T08:44:15","modified_gmt":"2026-03-13T06:44:15","slug":"coordonarea-sistemelor-de-asigurari-sociale-la-nivel-european","status":"publish","type":"page","link":"https:\/\/avocatludusan.ro\/en\/coordonarea-sistemelor-de-asigurari-sociale-la-nivel-european\/","title":{"rendered":"Coordination of European Social Security Systems"},"content":{"rendered":"<style>.elementor-800 .elementor-element.elementor-element-5d8fde1{--display:flex;--flex-direction:row;--container-widget-width:calc( ( 1 - var( --container-widget-flex-grow ) ) * 100% );--container-widget-height:100%;--container-widget-flex-grow:1;--container-widget-align-self:stretch;--flex-wrap-mobile:wrap;--align-items:stretch;--gap:10px 10px;--row-gap:10px;--column-gap:10px;--overlay-opacity:0.8;--margin-top:0px;--margin-bottom:0px;--margin-left:0px;--margin-right:0px;--padding-top:170px;--padding-bottom:0px;--padding-left:0px;--padding-right:0px;--z-index:20;}.elementor-800 .elementor-element.elementor-element-5d8fde1:not(.elementor-motion-effects-element-type-background), .elementor-800 .elementor-element.elementor-element-5d8fde1 > .elementor-motion-effects-container > .elementor-motion-effects-layer{background-color:transparent;background-image:linear-gradient(0deg, var( --e-global-color-secondary ) 0%, var( --e-global-color-primary ) 100%);}.elementor-800 .elementor-element.elementor-element-5d8fde1::before, .elementor-800 .elementor-element.elementor-element-5d8fde1 > .elementor-background-video-container::before, .elementor-800 .elementor-element.elementor-element-5d8fde1 > .e-con-inner > .elementor-background-video-container::before, .elementor-800 .elementor-element.elementor-element-5d8fde1 > .elementor-background-slideshow::before, .elementor-800 .elementor-element.elementor-element-5d8fde1 > .e-con-inner > .elementor-background-slideshow::before, .elementor-800 .elementor-element.elementor-element-5d8fde1 > .elementor-motion-effects-container > .elementor-motion-effects-layer::before{--background-overlay:'';background-image:url(\"https:\/\/avocatludusan.ro\/wp-content\/uploads\/2026\/03\/lawyer-and-legal-firm-bg-logo-legalix-e1675388608458-1.png\");background-position:bottom left;background-repeat:no-repeat;background-size:cover;}.elementor-800 .elementor-element.elementor-element-3507084{--display:flex;--justify-content:flex-end;--margin-top:0px;--margin-bottom:0px;--margin-left:0px;--margin-right:0px;}.elementor-widget-image .widget-image-caption{color:var( --e-global-color-text );font-family:var( --e-global-typography-text-font-family ), Sans-serif;font-size:var( --e-global-typography-text-font-size );font-weight:var( --e-global-typography-text-font-weight );line-height:var( --e-global-typography-text-line-height );}.elementor-800 .elementor-element.elementor-element-cba755e{text-align:start;margin:0px -20px calc(var(--kit-widget-spacing, 0px) + -120px) -60px;}.elementor-800 .elementor-element.elementor-element-cba755e img{width:100%;}.elementor-800 .elementor-element.elementor-element-066c1c5{--display:flex;--justify-content:center;--margin-top:0px;--margin-bottom:120px;--margin-left:50px;--margin-right:0px;}.elementor-widget-heading .elementor-heading-title{font-family:var( --e-global-typography-primary-font-family ), Sans-serif;font-size:var( --e-global-typography-primary-font-size );font-weight:var( --e-global-typography-primary-font-weight );line-height:var( --e-global-typography-primary-line-height );color:var( --e-global-color-primary );}.elementor-800 .elementor-element.elementor-element-b95f770{text-align:start;margin:0px 0px calc(var(--kit-widget-spacing, 0px) + 20px) 0px;width:var( --container-widget-width, 100% );max-width:100%;--container-widget-width:100%;--container-widget-flex-grow:0;}.elementor-800 .elementor-element.elementor-element-b95f770 .elementor-heading-title{font-family:\"Cormorant Infant\", Sans-serif;font-size:29px;font-weight:600;line-height:1.1em;color:#FFFFFF;}.elementor-widget-text-editor{font-family:var( --e-global-typography-text-font-family ), Sans-serif;font-size:var( --e-global-typography-text-font-size );font-weight:var( --e-global-typography-text-font-weight );line-height:var( --e-global-typography-text-line-height );color:var( --e-global-color-text );}.elementor-widget-text-editor.elementor-drop-cap-view-stacked .elementor-drop-cap{background-color:var( --e-global-color-primary );}.elementor-widget-text-editor.elementor-drop-cap-view-framed .elementor-drop-cap, .elementor-widget-text-editor.elementor-drop-cap-view-default .elementor-drop-cap{color:var( --e-global-color-primary );border-color:var( --e-global-color-primary );}.elementor-800 .elementor-element.elementor-element-3fa98cf{text-align:justify;font-family:var( --e-global-typography-text-font-family ), Sans-serif;font-size:var( --e-global-typography-text-font-size );font-weight:var( --e-global-typography-text-font-weight );line-height:var( --e-global-typography-text-line-height );color:var( --e-global-color-text );margin:0px 0px calc(var(--kit-widget-spacing, 0px) + 40px) 0px;width:var( --container-widget-width, 94.615% );max-width:94.615%;--container-widget-width:94.615%;--container-widget-flex-grow:0;}.elementor-800 .elementor-element.elementor-element-3fa98cf.elementor-element{--flex-grow:0;--flex-shrink:0;}@media(min-width:768px){.elementor-800 .elementor-element.elementor-element-5d8fde1{--content-width:1160px;}.elementor-800 .elementor-element.elementor-element-3507084{--width:32.666%;}.elementor-800 .elementor-element.elementor-element-066c1c5{--width:67%;}}@media(max-width:1024px) and (min-width:768px){.elementor-800 .elementor-element.elementor-element-066c1c5{--width:100%;}}@media(min-width:1025px){.elementor-800 .elementor-element.elementor-element-5d8fde1::before, .elementor-800 .elementor-element.elementor-element-5d8fde1 > .elementor-background-video-container::before, .elementor-800 .elementor-element.elementor-element-5d8fde1 > .e-con-inner > .elementor-background-video-container::before, .elementor-800 .elementor-element.elementor-element-5d8fde1 > .elementor-background-slideshow::before, .elementor-800 .elementor-element.elementor-element-5d8fde1 > .e-con-inner > .elementor-background-slideshow::before, .elementor-800 .elementor-element.elementor-element-5d8fde1 > .elementor-motion-effects-container > .elementor-motion-effects-layer::before{background-attachment:fixed;}}@media(max-width:1024px){.elementor-800 .elementor-element.elementor-element-5d8fde1::before, .elementor-800 .elementor-element.elementor-element-5d8fde1 > .elementor-background-video-container::before, .elementor-800 .elementor-element.elementor-element-5d8fde1 > .e-con-inner > .elementor-background-video-container::before, .elementor-800 .elementor-element.elementor-element-5d8fde1 > .elementor-background-slideshow::before, .elementor-800 .elementor-element.elementor-element-5d8fde1 > .e-con-inner > .elementor-background-slideshow::before, .elementor-800 .elementor-element.elementor-element-5d8fde1 > .elementor-motion-effects-container > .elementor-motion-effects-layer::before{background-position:bottom right;}.elementor-800 .elementor-element.elementor-element-5d8fde1{--padding-top:160px;--padding-bottom:0px;--padding-left:10px;--padding-right:10px;}.elementor-widget-image .widget-image-caption{font-size:var( --e-global-typography-text-font-size );line-height:var( --e-global-typography-text-line-height );}.elementor-800 .elementor-element.elementor-element-066c1c5{--margin-top:0px;--margin-bottom:100px;--margin-left:0px;--margin-right:0px;}.elementor-widget-heading .elementor-heading-title{font-size:var( --e-global-typography-primary-font-size );line-height:var( --e-global-typography-primary-line-height );}.elementor-800 .elementor-element.elementor-element-b95f770{--container-widget-width:85%;--container-widget-flex-grow:0;width:var( --container-widget-width, 85% );max-width:85%;}.elementor-widget-text-editor{font-size:var( --e-global-typography-text-font-size );line-height:var( --e-global-typography-text-line-height );}.elementor-800 .elementor-element.elementor-element-3fa98cf{font-size:var( --e-global-typography-text-font-size );line-height:var( --e-global-typography-text-line-height );}}@media(max-width:767px){.elementor-800 .elementor-element.elementor-element-5d8fde1::before, .elementor-800 .elementor-element.elementor-element-5d8fde1 > .elementor-background-video-container::before, .elementor-800 .elementor-element.elementor-element-5d8fde1 > .e-con-inner > .elementor-background-video-container::before, .elementor-800 .elementor-element.elementor-element-5d8fde1 > .elementor-background-slideshow::before, .elementor-800 .elementor-element.elementor-element-5d8fde1 > .e-con-inner > .elementor-background-slideshow::before, .elementor-800 .elementor-element.elementor-element-5d8fde1 > .elementor-motion-effects-container > .elementor-motion-effects-layer::before{background-position:center center;}.elementor-800 .elementor-element.elementor-element-5d8fde1{--padding-top:140px;--padding-bottom:0px;--padding-left:10px;--padding-right:10px;}.elementor-widget-image .widget-image-caption{font-size:var( --e-global-typography-text-font-size );line-height:var( --e-global-typography-text-line-height );}.elementor-800 .elementor-element.elementor-element-066c1c5{--margin-top:0px;--margin-bottom:80px;--margin-left:0px;--margin-right:0px;}.elementor-widget-heading .elementor-heading-title{font-size:var( --e-global-typography-primary-font-size );line-height:var( --e-global-typography-primary-line-height );}.elementor-800 .elementor-element.elementor-element-b95f770{--container-widget-width:100%;--container-widget-flex-grow:0;width:var( --container-widget-width, 100% );max-width:100%;}.elementor-widget-text-editor{font-size:var( --e-global-typography-text-font-size );line-height:var( --e-global-typography-text-line-height );}.elementor-800 .elementor-element.elementor-element-3fa98cf{font-size:var( --e-global-typography-text-font-size );line-height:var( --e-global-typography-text-line-height );--container-widget-width:100%;--container-widget-flex-grow:0;width:var( --container-widget-width, 100% );max-width:100%;}}<\/style>\t\t<div data-elementor-type=\"wp-page\" data-elementor-id=\"800\" class=\"elementor elementor-800\">\n\t\t\t\t<div class=\"elementor-element elementor-element-5d8fde1 e-flex e-con-boxed e-con e-parent\" data-id=\"5d8fde1\" data-element_type=\"container\" data-e-type=\"container\" data-settings=\"{&quot;background_background&quot;:&quot;gradient&quot;}\">\n\t\t\t\t\t<div class=\"e-con-inner\">\n\t\t<div class=\"elementor-element elementor-element-3507084 elementor-hidden-tablet elementor-hidden-mobile e-con-full e-flex e-con e-child\" data-id=\"3507084\" data-element_type=\"container\" data-e-type=\"container\">\n\t\t\t\t<div class=\"elementor-element elementor-element-cba755e elementor-invisible elementor-widget elementor-widget-image\" data-id=\"cba755e\" data-element_type=\"widget\" data-e-type=\"widget\" data-settings=\"{&quot;_animation&quot;:&quot;fadeIn&quot;}\" data-widget_type=\"image.default\">\n\t\t\t\t\t\t\t\t\t\t\t\t\t\t\t<img fetchpriority=\"high\" decoding=\"async\" width=\"1018\" height=\"1400\" src=\"https:\/\/avocatludusan.ro\/wp-content\/uploads\/2026\/03\/Girl-Bust-Bronze-3-e1675753513273.png\" class=\"attachment-full size-full wp-image-310\" alt=\"\" srcset=\"https:\/\/avocatludusan.ro\/wp-content\/uploads\/2026\/03\/Girl-Bust-Bronze-3-e1675753513273.png 1018w, https:\/\/avocatludusan.ro\/wp-content\/uploads\/2026\/03\/Girl-Bust-Bronze-3-e1675753513273-218x300.png 218w, https:\/\/avocatludusan.ro\/wp-content\/uploads\/2026\/03\/Girl-Bust-Bronze-3-e1675753513273-745x1024.png 745w, https:\/\/avocatludusan.ro\/wp-content\/uploads\/2026\/03\/Girl-Bust-Bronze-3-e1675753513273-768x1056.png 768w\" sizes=\"(max-width: 1018px) 100vw, 1018px\" \/>\t\t\t\t\t\t\t\t\t\t\t\t\t\t\t<\/div>\n\t\t\t\t<\/div>\n\t\t<div class=\"elementor-element elementor-element-066c1c5 e-con-full e-flex e-con e-child\" data-id=\"066c1c5\" data-element_type=\"container\" data-e-type=\"container\">\n\t\t\t\t<div class=\"elementor-element elementor-element-b95f770 elementor-widget__width-initial elementor-invisible elementor-widget elementor-widget-heading\" data-id=\"b95f770\" data-element_type=\"widget\" data-e-type=\"widget\" data-settings=\"{&quot;_animation&quot;:&quot;fadeIn&quot;,&quot;_animation_delay&quot;:&quot;200&quot;}\" data-widget_type=\"heading.default\">\n\t\t\t\t\t<h1 class=\"elementor-heading-title elementor-size-default\">Coordination of European Social Security Systems<\/h1>\t\t\t\t<\/div>\n\t\t\t\t<div class=\"elementor-element elementor-element-3fa98cf elementor-widget__width-initial elementor-invisible elementor-widget elementor-widget-text-editor\" data-id=\"3fa98cf\" data-element_type=\"widget\" data-e-type=\"widget\" data-settings=\"{&quot;_animation&quot;:&quot;fadeIn&quot;,&quot;_animation_delay&quot;:&quot;400&quot;}\" data-widget_type=\"text-editor.default\">\n\t\t\t\t\t\t\t\t\t<p>We provide legal counsel on the application of European regulations concerning the coordination of social security systems, particularly in the context of labor mobility within the European Union. We assist employers and individuals in determining the applicable legislation, obtaining the required documentation (such as the A1 certificate), and managing social security contribution obligations for activities performed across multiple Member States. Additionally, we offer support in dealings with competent authorities, clarifying the legal status of posted or mobile workers, and resolving disputes or complex legal situations arising from cross-border professional activities.<\/p>\t\t\t\t\t\t\t\t<\/div>\n\t\t\t\t<\/div>\n\t\t\t\t\t<\/div>\n\t\t\t\t<\/div>\n\t\t\t\t<\/div>\n\t\t\n    <div class=\"xs_social_share_widget xs_share_url after_content \t\tmain_content  wslu-style-1 wslu-share-box-shaped wslu-fill-colored wslu-none wslu-share-horizontal wslu-theme-font-no wslu-main_content\">\n\n\t\t\n        <ul>\n\t\t\t        <\/ul>\n    <\/div>","protected":false},"excerpt":{"rendered":"<p>Coordonarea sistemelor de asigur\u0103ri sociale la nivel european Oferim consultan\u021b\u0103 juridic\u0103 privind aplicarea normelor europene referitoare la coordonarea sistemelor de asigur\u0103ri sociale, \u00een special \u00een contextul mobilit\u0103\u021bii lucr\u0103torilor \u00een cadrul Uniunii Europene. Asist\u0103m angajatorii \u0219i persoanele fizice \u00een stabilirea legisla\u021biei aplicabile, \u00een ob\u021binerea documentelor necesare (precum formularul A1), precum \u0219i \u00een gestionarea obliga\u021biilor privind contribu\u021biile [&hellip;]<\/p>\n","protected":false},"author":1,"featured_media":0,"parent":0,"menu_order":0,"comment_status":"closed","ping_status":"closed","template":"","meta":{"postBodyCss":"","postBodyMargin":[],"postBodyPadding":[],"postBodyBackground":{"backgroundType":"classic","gradient":""},"footnotes":""},"class_list":["post-800","page","type-page","status-publish","hentry"],"_links":{"self":[{"href":"https:\/\/avocatludusan.ro\/en\/wp-json\/wp\/v2\/pages\/800","targetHints":{"allow":["GET"]}}],"collection":[{"href":"https:\/\/avocatludusan.ro\/en\/wp-json\/wp\/v2\/pages"}],"about":[{"href":"https:\/\/avocatludusan.ro\/en\/wp-json\/wp\/v2\/types\/page"}],"author":[{"embeddable":true,"href":"https:\/\/avocatludusan.ro\/en\/wp-json\/wp\/v2\/users\/1"}],"replies":[{"embeddable":true,"href":"https:\/\/avocatludusan.ro\/en\/wp-json\/wp\/v2\/comments?post=800"}],"version-history":[{"count":3,"href":"https:\/\/avocatludusan.ro\/en\/wp-json\/wp\/v2\/pages\/800\/revisions"}],"predecessor-version":[{"id":809,"href":"https:\/\/avocatludusan.ro\/en\/wp-json\/wp\/v2\/pages\/800\/revisions\/809"}],"wp:attachment":[{"href":"https:\/\/avocatludusan.ro\/en\/wp-json\/wp\/v2\/media?parent=800"}],"curies":[{"name":"wp","href":"https:\/\/api.w.org\/{rel}","templated":true}]}}