{"id":911,"date":"2026-03-17T13:23:52","date_gmt":"2026-03-17T11:23:52","guid":{"rendered":"https:\/\/avocatludusan.ro\/?page_id=911"},"modified":"2026-03-17T13:31:09","modified_gmt":"2026-03-17T11:31:09","slug":"termeni-si-conditii","status":"publish","type":"page","link":"https:\/\/avocatludusan.ro\/en\/termeni-si-conditii\/","title":{"rendered":"Terms and conditions"},"content":{"rendered":"<style>.elementor-911 .elementor-element.elementor-element-a77b5d2{--display:flex;--flex-direction:row;--container-widget-width:calc( ( 1 - var( --container-widget-flex-grow ) ) * 100% );--container-widget-height:100%;--container-widget-flex-grow:1;--container-widget-align-self:stretch;--flex-wrap-mobile:wrap;--align-items:stretch;--gap:10px 10px;--row-gap:10px;--column-gap:10px;--overlay-opacity:0.8;--padding-top:160px;--padding-bottom:0px;--padding-left:0px;--padding-right:0px;--z-index:20;}.elementor-911 .elementor-element.elementor-element-a77b5d2:not(.elementor-motion-effects-element-type-background), .elementor-911 .elementor-element.elementor-element-a77b5d2 > .elementor-motion-effects-container > .elementor-motion-effects-layer{background-color:transparent;background-image:linear-gradient(360deg, var( --e-global-color-secondary ) 0%, var( --e-global-color-primary ) 100%);}.elementor-911 .elementor-element.elementor-element-a77b5d2::before, .elementor-911 .elementor-element.elementor-element-a77b5d2 > .elementor-background-video-container::before, .elementor-911 .elementor-element.elementor-element-a77b5d2 > .e-con-inner > .elementor-background-video-container::before, .elementor-911 .elementor-element.elementor-element-a77b5d2 > .elementor-background-slideshow::before, .elementor-911 .elementor-element.elementor-element-a77b5d2 > .e-con-inner > .elementor-background-slideshow::before, .elementor-911 .elementor-element.elementor-element-a77b5d2 > .elementor-motion-effects-container > .elementor-motion-effects-layer::before{--background-overlay:'';background-image:url(\"https:\/\/avocatludusan.ro\/wp-content\/uploads\/2026\/03\/lawyer-and-legal-firm-bg-logo-legalix-e1675388608458-1.png\");background-position:bottom left;background-repeat:no-repeat;background-size:cover;}.elementor-911 .elementor-element.elementor-element-197aa14{--display:flex;--justify-content:center;--margin-top:0px;--margin-bottom:120px;--margin-left:76px;--margin-right:0px;}.elementor-widget-heading .elementor-heading-title{font-family:var( --e-global-typography-primary-font-family ), Sans-serif;font-size:var( --e-global-typography-primary-font-size );font-weight:var( --e-global-typography-primary-font-weight );line-height:var( --e-global-typography-primary-line-height );color:var( --e-global-color-primary );}.elementor-911 .elementor-element.elementor-element-4162025{text-align:center;margin:0px 0px calc(var(--kit-widget-spacing, 0px) + 20px) 0px;width:var( --container-widget-width, 89.464% );max-width:89.464%;--container-widget-width:89.464%;--container-widget-flex-grow:0;}.elementor-911 .elementor-element.elementor-element-4162025 .elementor-heading-title{font-family:var( --e-global-typography-secondary-font-family ), Sans-serif;font-size:var( --e-global-typography-secondary-font-size );font-weight:var( --e-global-typography-secondary-font-weight );line-height:var( --e-global-typography-secondary-line-height );color:#FFFFFF;}.elementor-911 .elementor-element.elementor-element-4162025.elementor-element{--flex-grow:0;--flex-shrink:0;}.elementor-widget-text-editor{font-family:var( --e-global-typography-text-font-family ), Sans-serif;font-size:var( --e-global-typography-text-font-size );font-weight:var( --e-global-typography-text-font-weight );line-height:var( --e-global-typography-text-line-height );color:var( --e-global-color-text );}.elementor-widget-text-editor.elementor-drop-cap-view-stacked .elementor-drop-cap{background-color:var( --e-global-color-primary );}.elementor-widget-text-editor.elementor-drop-cap-view-framed .elementor-drop-cap, .elementor-widget-text-editor.elementor-drop-cap-view-default .elementor-drop-cap{color:var( --e-global-color-primary );border-color:var( --e-global-color-primary );}.elementor-911 .elementor-element.elementor-element-1b2cd11{text-align:justify;font-family:var( --e-global-typography-text-font-family ), Sans-serif;font-size:var( --e-global-typography-text-font-size );font-weight:var( --e-global-typography-text-font-weight );line-height:var( --e-global-typography-text-line-height );color:var( --e-global-color-text );margin:0px 0px calc(var(--kit-widget-spacing, 0px) + 60px) 0px;width:var( --container-widget-width, 89.771% );max-width:89.771%;--container-widget-width:89.771%;--container-widget-flex-grow:0;}.elementor-911 .elementor-element.elementor-element-1b2cd11.elementor-element{--flex-grow:0;--flex-shrink:0;}@media(min-width:768px){.elementor-911 .elementor-element.elementor-element-a77b5d2{--content-width:1160px;}.elementor-911 .elementor-element.elementor-element-197aa14{--width:100%;}}@media(max-width:1024px) and (min-width:768px){.elementor-911 .elementor-element.elementor-element-197aa14{--width:100%;}}@media(min-width:1025px){.elementor-911 .elementor-element.elementor-element-a77b5d2::before, .elementor-911 .elementor-element.elementor-element-a77b5d2 > .elementor-background-video-container::before, .elementor-911 .elementor-element.elementor-element-a77b5d2 > .e-con-inner > .elementor-background-video-container::before, .elementor-911 .elementor-element.elementor-element-a77b5d2 > .elementor-background-slideshow::before, .elementor-911 .elementor-element.elementor-element-a77b5d2 > .e-con-inner > .elementor-background-slideshow::before, .elementor-911 .elementor-element.elementor-element-a77b5d2 > .elementor-motion-effects-container > .elementor-motion-effects-layer::before{background-attachment:fixed;}}@media(max-width:1024px){.elementor-911 .elementor-element.elementor-element-a77b5d2::before, .elementor-911 .elementor-element.elementor-element-a77b5d2 > .elementor-background-video-container::before, .elementor-911 .elementor-element.elementor-element-a77b5d2 > .e-con-inner > .elementor-background-video-container::before, .elementor-911 .elementor-element.elementor-element-a77b5d2 > .elementor-background-slideshow::before, .elementor-911 .elementor-element.elementor-element-a77b5d2 > .e-con-inner > .elementor-background-slideshow::before, .elementor-911 .elementor-element.elementor-element-a77b5d2 > .elementor-motion-effects-container > .elementor-motion-effects-layer::before{background-position:bottom right;}.elementor-911 .elementor-element.elementor-element-a77b5d2{--padding-top:140px;--padding-bottom:0px;--padding-left:10px;--padding-right:10px;}.elementor-911 .elementor-element.elementor-element-197aa14{--margin-top:0px;--margin-bottom:100px;--margin-left:0px;--margin-right:0px;}.elementor-widget-heading .elementor-heading-title{font-size:var( --e-global-typography-primary-font-size );line-height:var( --e-global-typography-primary-line-height );}.elementor-911 .elementor-element.elementor-element-4162025 .elementor-heading-title{font-size:var( --e-global-typography-secondary-font-size );line-height:var( --e-global-typography-secondary-line-height );}.elementor-911 .elementor-element.elementor-element-4162025{--container-widget-width:95%;--container-widget-flex-grow:0;width:var( --container-widget-width, 95% );max-width:95%;}.elementor-widget-text-editor{font-size:var( --e-global-typography-text-font-size );line-height:var( --e-global-typography-text-line-height );}.elementor-911 .elementor-element.elementor-element-1b2cd11{font-size:var( --e-global-typography-text-font-size );line-height:var( --e-global-typography-text-line-height );}}@media(max-width:767px){.elementor-911 .elementor-element.elementor-element-a77b5d2::before, .elementor-911 .elementor-element.elementor-element-a77b5d2 > .elementor-background-video-container::before, .elementor-911 .elementor-element.elementor-element-a77b5d2 > .e-con-inner > .elementor-background-video-container::before, .elementor-911 .elementor-element.elementor-element-a77b5d2 > .elementor-background-slideshow::before, .elementor-911 .elementor-element.elementor-element-a77b5d2 > .e-con-inner > .elementor-background-slideshow::before, .elementor-911 .elementor-element.elementor-element-a77b5d2 > .elementor-motion-effects-container > .elementor-motion-effects-layer::before{background-position:center center;}.elementor-911 .elementor-element.elementor-element-a77b5d2{--padding-top:140px;--padding-bottom:0px;--padding-left:10px;--padding-right:10px;}.elementor-911 .elementor-element.elementor-element-197aa14{--margin-top:0px;--margin-bottom:80px;--margin-left:0px;--margin-right:0px;}.elementor-widget-heading .elementor-heading-title{font-size:var( --e-global-typography-primary-font-size );line-height:var( --e-global-typography-primary-line-height );}.elementor-911 .elementor-element.elementor-element-4162025 .elementor-heading-title{font-size:var( --e-global-typography-secondary-font-size );line-height:var( --e-global-typography-secondary-line-height );}.elementor-911 .elementor-element.elementor-element-4162025{--container-widget-width:100%;--container-widget-flex-grow:0;width:var( --container-widget-width, 100% );max-width:100%;}.elementor-widget-text-editor{font-size:var( --e-global-typography-text-font-size );line-height:var( --e-global-typography-text-line-height );}.elementor-911 .elementor-element.elementor-element-1b2cd11{font-size:var( --e-global-typography-text-font-size );line-height:var( --e-global-typography-text-line-height );margin:0px 0px calc(var(--kit-widget-spacing, 0px) + 50px) 0px;--container-widget-width:100%;--container-widget-flex-grow:0;width:var( --container-widget-width, 100% );max-width:100%;}}<\/style>\t\t<div data-elementor-type=\"wp-page\" data-elementor-id=\"911\" class=\"elementor elementor-911\">\n\t\t\t\t<div class=\"elementor-element elementor-element-a77b5d2 e-flex e-con-boxed e-con e-parent\" data-id=\"a77b5d2\" data-element_type=\"container\" data-e-type=\"container\" data-settings=\"{&quot;background_background&quot;:&quot;gradient&quot;}\">\n\t\t\t\t\t<div class=\"e-con-inner\">\n\t\t<div class=\"elementor-element elementor-element-197aa14 e-con-full e-flex e-con e-child\" data-id=\"197aa14\" data-element_type=\"container\" data-e-type=\"container\">\n\t\t\t\t<div class=\"elementor-element elementor-element-4162025 elementor-widget__width-initial elementor-invisible elementor-widget elementor-widget-heading\" data-id=\"4162025\" data-element_type=\"widget\" data-e-type=\"widget\" data-settings=\"{&quot;_animation&quot;:&quot;fadeIn&quot;,&quot;_animation_delay&quot;:&quot;200&quot;}\" data-widget_type=\"heading.default\">\n\t\t\t\t\t<h1 class=\"elementor-heading-title elementor-size-default\">Terms and conditions<\/h1>\t\t\t\t<\/div>\n\t\t\t\t<div class=\"elementor-element elementor-element-1b2cd11 elementor-widget__width-initial elementor-invisible elementor-widget elementor-widget-text-editor\" data-id=\"1b2cd11\" data-element_type=\"widget\" data-e-type=\"widget\" data-settings=\"{&quot;_animation&quot;:&quot;fadeIn&quot;,&quot;_animation_delay&quot;:&quot;400&quot;}\" data-widget_type=\"text-editor.default\">\n\t\t\t\t\t\t\t\t\t<div id=\"model-response-message-contentr_77b7da7343a448db\" class=\"markdown markdown-main-panel stronger enable-updated-hr-color\" dir=\"ltr\" aria-live=\"polite\" aria-busy=\"false\"><h4 data-path-to-node=\"0\"><strong>INTRODUCTION<\/strong><\/h4><p data-path-to-node=\"4\">Welcome to the website https:\/\/www.avocatludusan.ro\/ (the \"Website\"). The Website is the property of <span style=\"font-family: -apple-system, BlinkMacSystemFont, 'Segoe UI', Roboto, 'Helvetica Neue', Arial, 'Noto Sans', sans-serif, 'Apple Color Emoji', 'Segoe UI Emoji', 'Segoe UI Symbol', 'Noto Color Emoji';\">Ludu\u0219an Florin Law Office <\/span>(hereinafter referred to as \"C.A. Ludu\u0219an\"), legally established and operating in accordance with the laws of Romania, having its professional headquarters in <span style=\"font-family: -apple-system, BlinkMacSystemFont, 'Segoe UI', Roboto, 'Helvetica Neue', Arial, 'Noto Sans', sans-serif, 'Apple Color Emoji', 'Segoe UI Emoji', 'Segoe UI Symbol', 'Noto Color Emoji';\">T\u00e2rgu Mure\u0219, 2-4 Dr. Kn\u00f6pfler Vilmos Street, 2nd floor, Mure\u0219 County, Romania,<\/span>holding the Fiscal Identification Code (C.I.F.) RO 20518369 and the registration decision with the Mure\u0219 Bar Association no. 76 of <span style=\"font-family: -apple-system, BlinkMacSystemFont, 'Segoe UI', Roboto, 'Helvetica Neue', Arial, 'Noto Sans', sans-serif, 'Apple Color Emoji', 'Segoe UI Emoji', 'Segoe UI Symbol', 'Noto Color Emoji';\">19.12.2006<\/span><span style=\"font-family: -apple-system, BlinkMacSystemFont, 'Segoe UI', Roboto, 'Helvetica Neue', Arial, 'Noto Sans', sans-serif, 'Apple Color Emoji', 'Segoe UI Emoji', 'Segoe UI Symbol', 'Noto Color Emoji';\">.<\/span><\/p><p data-path-to-node=\"4\">\u00a0<\/p><h4 data-path-to-node=\"5\"><strong>USE OF THIS WEBSITE<\/strong><\/h4><p data-path-to-node=\"5\">By using the Website, you will find information regarding the Avocat Ludu\u0219an team, our activities on the Romanian legal services market, as well as the practice areas in which we operate. In addition, the Website may contain news, articles, and other materials that may concern significant developments or updates related to the applicable legislative framework in Romania, European or national case law, etc.<\/p><p data-path-to-node=\"5\">\u00a0<\/p><h4 id=\"p-rc_3ece5dd20149322b-41\" data-path-to-node=\"6\"><strong>PROTECTION AGAINST VIRUSES<\/strong><\/h4><p id=\"p-rc_3ece5dd20149322b-41\" data-path-to-node=\"6\"><span class=\"citation-375 citation-end-375\">C.A. Ludu\u0219an makes every effort to check and test the material offered by this Website at all stages of production. We also recommend that users run an antivirus<\/span>program on all materials downloaded from the internet.<span class=\"citation-374 citation-end-374\">C.A. Ludu\u0219an assumes no responsibility for any loss, disruption, or damage to your data or computer system which may occur whilst navigating our Website.<\/span><\/p><div class=\"source-inline-chip-container ng-star-inserted\">\u00a0<\/div><h4 id=\"p-rc_3ece5dd20149322b-42\" data-path-to-node=\"7\"><strong><span class=\"citation-373 citation-end-373\">ACKNOWLEDGEMENT OF OWNERSHIP<\/span>(COPYRIGHT)<\/strong><\/h4><p id=\"p-rc_3ece5dd20149322b-42\" data-path-to-node=\"7\">The Website offers each of its users the opportunity to access the provided content for the user's personal use.<\/p><p id=\"p-rc_3ece5dd20149322b-42\" data-path-to-node=\"7\">By accessing the Website, you hereby agree that C.A. Ludu\u0219an is the exclusive owner of all intellectual property rights over the Website's content, including articles, text, photographs, and illustrations. You also agree not to use such materials in<span class=\"citation-372 citation-end-372\"> any way, unless you have obtained prior express written consent from C.A. Ludu\u0219an.<\/span><\/p><div class=\"source-inline-chip-container ng-star-inserted\">\u00a0<\/div><h4 id=\"p-rc_3ece5dd20149322b-43\" data-path-to-node=\"8\"><strong><span class=\"citation-371 citation-end-371\">COMMENTS, QUESTIONS, AND FEEDBACK<\/span><\/strong><\/h4><p id=\"p-rc_3ece5dd20149322b-43\" data-path-to-node=\"8\"><span class=\"citation-370 citation-end-370\">If you send an inquiry via e-mail to <\/span>a specific contact or to the general contact address identified on the C.A. Ludu\u0219an Website, we will use your personal data obtained through this communication exclusively to respond to your request.<\/p><div class=\"source-inline-chip-container ng-star-inserted\">\u00a0<\/div><h4 data-path-to-node=\"9\"><strong>PROCESSING OF PERSONAL DATA<\/strong><\/h4><p data-path-to-node=\"9\">Certain personal data is collected through the Website. Details regarding the processing of such personal data by Avocat Ludu\u0219an are available in the Privacy Policy.<\/p><p data-path-to-node=\"9\">\u00a0<\/p><h4 data-path-to-node=\"9\"><strong>DISCLAIMER<\/strong><\/h4><p id=\"p-rc_3ece5dd20149322b-44\" data-path-to-node=\"11\">The Website may contain links to websites and resources that are not our property. C.A. Ludu\u0219an has no control over these websites and the resources found within them and, therefore, shall not be liable for the availability of such websites, nor for the content, advertising, goods, services, information,<span class=\"citation-368 citation-369 citation-end-369\"> or other materials available on these websites, for the functionality or performance of these websites, or for the infringement of intellectual property rights or other rights arising within these websites. By accessing the indicated websites, you confirm that you have understood the possible consequences<\/span><span class=\"citation-368 citation-end-368\">of accessing the indicated websites and accept the above terms and conditions.<\/span><\/p><div class=\"source-inline-chip-container ng-star-inserted\">\u00a0<\/div><p id=\"p-rc_3ece5dd20149322b-45\" data-path-to-node=\"12\"><span class=\"citation-367 citation-end-367\">This Website is provided exclusively for informational purposes and does not constitute<\/span> legal and\/or tax advice. The information is not intended to replace personalized legal advice from a lawyer specialized in the practice area involved in your case.<\/p><div class=\"source-inline-chip-container ng-star-inserted\">\u00a0<\/div><h4 data-path-to-node=\"13\"><strong>AMENDMENTS TO THE TERMS AND CONDITIONS<\/strong><\/h4><p data-path-to-node=\"13\">If the Terms and Conditions change in any way, we will post an updated version on this page. Regularly reviewing this page ensures that you are always aware of the website's rules of use, the type of information we collect, how we use it and under what circumstances, and, if applicable, whether we transfer it to third parties.<\/p><\/div>\t\t\t\t\t\t\t\t<\/div>\n\t\t\t\t<\/div>\n\t\t\t\t\t<\/div>\n\t\t\t\t<\/div>\n\t\t\t\t<\/div>\n\t\t\n    <div class=\"xs_social_share_widget xs_share_url after_content \t\tmain_content  wslu-style-1 wslu-share-box-shaped wslu-fill-colored wslu-none wslu-share-horizontal wslu-theme-font-no wslu-main_content\">\n\n\t\t\n        <ul>\n\t\t\t        <\/ul>\n    <\/div>","protected":false},"excerpt":{"rendered":"<p>Termeni \u0219i condi\u021bii INTRODUCERE Bine a\u021bi venit pe site-ul https:\/\/www.avocatludusan.ro\/ (\u201eWebsite-ul\u201d). Website-ul este proprietatea Cabinet de Avocat Ludus\u0326an Florin (denumit \u00een continuare \u201eC.A. Ludu\u0219an\u201d), legal \u00eenfiin\u021bat \u0219i func\u021bion\u00e2nd \u00een conformitate cu legile din Rom\u00e2nia, cu sediul profesional \u00een Mun. Ta\u0302rgu Mures\u0326, str. Dr. Kno\u0308pfler Vilmos, nr. 2-4, et. 2, judet\u0326 Mures\u0326, Roma\u0302nia, av\u00e2nd Cod de [&hellip;]<\/p>\n","protected":false},"author":1,"featured_media":0,"parent":0,"menu_order":0,"comment_status":"closed","ping_status":"closed","template":"","meta":{"postBodyCss":"","postBodyMargin":[],"postBodyPadding":[],"postBodyBackground":{"backgroundType":"classic","gradient":""},"footnotes":""},"class_list":["post-911","page","type-page","status-publish","hentry"],"_links":{"self":[{"href":"https:\/\/avocatludusan.ro\/en\/wp-json\/wp\/v2\/pages\/911","targetHints":{"allow":["GET"]}}],"collection":[{"href":"https:\/\/avocatludusan.ro\/en\/wp-json\/wp\/v2\/pages"}],"about":[{"href":"https:\/\/avocatludusan.ro\/en\/wp-json\/wp\/v2\/types\/page"}],"author":[{"embeddable":true,"href":"https:\/\/avocatludusan.ro\/en\/wp-json\/wp\/v2\/users\/1"}],"replies":[{"embeddable":true,"href":"https:\/\/avocatludusan.ro\/en\/wp-json\/wp\/v2\/comments?post=911"}],"version-history":[{"count":4,"href":"https:\/\/avocatludusan.ro\/en\/wp-json\/wp\/v2\/pages\/911\/revisions"}],"predecessor-version":[{"id":915,"href":"https:\/\/avocatludusan.ro\/en\/wp-json\/wp\/v2\/pages\/911\/revisions\/915"}],"wp:attachment":[{"href":"https:\/\/avocatludusan.ro\/en\/wp-json\/wp\/v2\/media?parent=911"}],"curies":[{"name":"wp","href":"https:\/\/api.w.org\/{rel}","templated":true}]}}